{"id":300,"date":"2019-06-12T11:51:44","date_gmt":"2019-06-12T11:51:44","guid":{"rendered":"https:\/\/themes.getmotopress.com\/luviana\/?page_id=300"},"modified":"2025-02-17T20:55:49","modified_gmt":"2025-02-17T20:55:49","slug":"our-gallery","status":"publish","type":"page","link":"https:\/\/haciendaprimavera.com\/es\/our-gallery\/","title":{"rendered":"Galer\u00eda"},"content":{"rendered":"<div class=\"alignfull wp-block-getwid-section alignfull\"><div class=\"wp-block-getwid-section__wrapper getwid-padding-top-none getwid-padding-bottom-none getwid-padding-left-medium getwid-padding-right-medium getwid-padding-mobile-left-small getwid-padding-mobile-right-small\"><div class=\"wp-block-getwid-section__inner-wrapper\"><div class=\"wp-block-getwid-section__background-holder\"><div class=\"wp-block-getwid-section__background\"><\/div><div class=\"wp-block-getwid-section__foreground\"><\/div><\/div><div class=\"wp-block-getwid-section__content\"><div class=\"wp-block-getwid-section__inner-content\">\n<figure class=\"wp-block-gallery has-nested-images columns-3 is-cropped wp-block-gallery-1 is-layout-flex wp-block-gallery-is-layout-flex\">\n<figure class=\"wp-block-image size-large\"><a href=\"https:\/\/haciendaprimavera.com\/es\/accommodation\/classic-double-room\/bano1\/\"><img loading=\"lazy\" decoding=\"async\" width=\"1024\" height=\"1024\" data-id=\"1070\" src=\"https:\/\/haciendaprimavera.com\/wp-content\/uploads\/2019\/06\/Bano1-1024x1024.jpg\" alt=\"\" class=\"wp-image-1070\" srcset=\"https:\/\/haciendaprimavera.com\/wp-content\/uploads\/2019\/06\/Bano1-1024x1024.jpg 1024w, https:\/\/haciendaprimavera.com\/wp-content\/uploads\/2019\/06\/Bano1-300x300.jpg 300w, https:\/\/haciendaprimavera.com\/wp-content\/uploads\/2019\/06\/Bano1-100x100.jpg 100w, https:\/\/haciendaprimavera.com\/wp-content\/uploads\/2019\/06\/Bano1-600x600.jpg 600w, https:\/\/haciendaprimavera.com\/wp-content\/uploads\/2019\/06\/Bano1-150x150.jpg 150w, https:\/\/haciendaprimavera.com\/wp-content\/uploads\/2019\/06\/Bano1-768x768.jpg 768w, https:\/\/haciendaprimavera.com\/wp-content\/uploads\/2019\/06\/Bano1-1536x1536.jpg 1536w, https:\/\/haciendaprimavera.com\/wp-content\/uploads\/2019\/06\/Bano1-1170x1170.jpg 1170w, https:\/\/haciendaprimavera.com\/wp-content\/uploads\/2019\/06\/Bano1-992x992.jpg 992w, https:\/\/haciendaprimavera.com\/wp-content\/uploads\/2019\/06\/Bano1.jpg 1600w\" sizes=\"auto, (max-width: 1024px) 100vw, 1024px\" \/><\/a><\/figure>\n\n\n\n<figure class=\"wp-block-image size-large\"><a href=\"https:\/\/haciendaprimavera.com\/es\/home\/haciendapool\/\"><img loading=\"lazy\" decoding=\"async\" width=\"1024\" height=\"439\" data-id=\"1064\" src=\"https:\/\/haciendaprimavera.com\/wp-content\/uploads\/2025\/02\/HaciendaPool-1024x439.jpg\" alt=\"\" class=\"wp-image-1064\" srcset=\"https:\/\/haciendaprimavera.com\/wp-content\/uploads\/2025\/02\/HaciendaPool-1024x439.jpg 1024w, https:\/\/haciendaprimavera.com\/wp-content\/uploads\/2025\/02\/HaciendaPool-600x257.jpg 600w, https:\/\/haciendaprimavera.com\/wp-content\/uploads\/2025\/02\/HaciendaPool-300x129.jpg 300w, https:\/\/haciendaprimavera.com\/wp-content\/uploads\/2025\/02\/HaciendaPool-768x329.jpg 768w, https:\/\/haciendaprimavera.com\/wp-content\/uploads\/2025\/02\/HaciendaPool-1536x659.jpg 1536w, https:\/\/haciendaprimavera.com\/wp-content\/uploads\/2025\/02\/HaciendaPool-2048x878.jpg 2048w, https:\/\/haciendaprimavera.com\/wp-content\/uploads\/2025\/02\/HaciendaPool-1170x502.jpg 1170w\" sizes=\"auto, (max-width: 1024px) 100vw, 1024px\" \/><\/a><\/figure>\n\n\n\n<figure class=\"wp-block-image size-large\"><a href=\"https:\/\/haciendaprimavera.com\/es\/about-haciendaprimavera\/haciendaprimavera\/\"><img loading=\"lazy\" decoding=\"async\" width=\"1024\" height=\"1024\" data-id=\"1047\" src=\"https:\/\/haciendaprimavera.com\/wp-content\/uploads\/2025\/02\/HaciendaPrimavera-1024x1024.jpg\" alt=\"\" class=\"wp-image-1047\" srcset=\"https:\/\/haciendaprimavera.com\/wp-content\/uploads\/2025\/02\/HaciendaPrimavera-1024x1024.jpg 1024w, https:\/\/haciendaprimavera.com\/wp-content\/uploads\/2025\/02\/HaciendaPrimavera-300x300.jpg 300w, https:\/\/haciendaprimavera.com\/wp-content\/uploads\/2025\/02\/HaciendaPrimavera-100x100.jpg 100w, https:\/\/haciendaprimavera.com\/wp-content\/uploads\/2025\/02\/HaciendaPrimavera-600x600.jpg 600w, https:\/\/haciendaprimavera.com\/wp-content\/uploads\/2025\/02\/HaciendaPrimavera-150x150.jpg 150w, https:\/\/haciendaprimavera.com\/wp-content\/uploads\/2025\/02\/HaciendaPrimavera-768x768.jpg 768w, https:\/\/haciendaprimavera.com\/wp-content\/uploads\/2025\/02\/HaciendaPrimavera-1536x1536.jpg 1536w, https:\/\/haciendaprimavera.com\/wp-content\/uploads\/2025\/02\/HaciendaPrimavera-1170x1170.jpg 1170w, https:\/\/haciendaprimavera.com\/wp-content\/uploads\/2025\/02\/HaciendaPrimavera-992x992.jpg 992w, https:\/\/haciendaprimavera.com\/wp-content\/uploads\/2025\/02\/HaciendaPrimavera.jpg 1600w\" sizes=\"auto, (max-width: 1024px) 100vw, 1024px\" \/><\/a><\/figure>\n\n\n\n<figure class=\"wp-block-image size-large\"><a href=\"https:\/\/haciendaprimavera.com\/es\/home\/welcome\/horses_hacienda\/\"><img loading=\"lazy\" decoding=\"async\" width=\"1024\" height=\"1024\" data-id=\"1067\" src=\"https:\/\/haciendaprimavera.com\/wp-content\/uploads\/2025\/02\/Horses_Hacienda-1024x1024.jpg\" alt=\"\" class=\"wp-image-1067\" srcset=\"https:\/\/haciendaprimavera.com\/wp-content\/uploads\/2025\/02\/Horses_Hacienda-1024x1024.jpg 1024w, https:\/\/haciendaprimavera.com\/wp-content\/uploads\/2025\/02\/Horses_Hacienda-300x300.jpg 300w, https:\/\/haciendaprimavera.com\/wp-content\/uploads\/2025\/02\/Horses_Hacienda-100x100.jpg 100w, https:\/\/haciendaprimavera.com\/wp-content\/uploads\/2025\/02\/Horses_Hacienda-600x600.jpg 600w, https:\/\/haciendaprimavera.com\/wp-content\/uploads\/2025\/02\/Horses_Hacienda-150x150.jpg 150w, https:\/\/haciendaprimavera.com\/wp-content\/uploads\/2025\/02\/Horses_Hacienda-768x768.jpg 768w, https:\/\/haciendaprimavera.com\/wp-content\/uploads\/2025\/02\/Horses_Hacienda-1536x1536.jpg 1536w, https:\/\/haciendaprimavera.com\/wp-content\/uploads\/2025\/02\/Horses_Hacienda-1170x1170.jpg 1170w, https:\/\/haciendaprimavera.com\/wp-content\/uploads\/2025\/02\/Horses_Hacienda-992x992.jpg 992w, https:\/\/haciendaprimavera.com\/wp-content\/uploads\/2025\/02\/Horses_Hacienda.jpg 1600w\" sizes=\"auto, (max-width: 1024px) 100vw, 1024px\" \/><\/a><\/figure>\n\n\n\n<figure class=\"wp-block-image size-large\"><a href=\"https:\/\/haciendaprimavera.com\/es\/about-haciendaprimavera\/cuartodoble\/\"><img loading=\"lazy\" decoding=\"async\" width=\"691\" height=\"1024\" data-id=\"1051\" src=\"https:\/\/haciendaprimavera.com\/wp-content\/uploads\/2025\/02\/CuartoDoble-691x1024.jpg\" alt=\"Cuarto Doble\" class=\"wp-image-1051\" srcset=\"https:\/\/haciendaprimavera.com\/wp-content\/uploads\/2025\/02\/CuartoDoble-691x1024.jpg 691w, https:\/\/haciendaprimavera.com\/wp-content\/uploads\/2025\/02\/CuartoDoble-600x889.jpg 600w, https:\/\/haciendaprimavera.com\/wp-content\/uploads\/2025\/02\/CuartoDoble-203x300.jpg 203w, https:\/\/haciendaprimavera.com\/wp-content\/uploads\/2025\/02\/CuartoDoble-768x1138.jpg 768w, https:\/\/haciendaprimavera.com\/wp-content\/uploads\/2025\/02\/CuartoDoble-1037x1536.jpg 1037w, https:\/\/haciendaprimavera.com\/wp-content\/uploads\/2025\/02\/CuartoDoble-1383x2048.jpg 1383w, https:\/\/haciendaprimavera.com\/wp-content\/uploads\/2025\/02\/CuartoDoble-1170x1733.jpg 1170w, https:\/\/haciendaprimavera.com\/wp-content\/uploads\/2025\/02\/CuartoDoble.jpg 1600w\" sizes=\"auto, (max-width: 691px) 100vw, 691px\" \/><\/a><figcaption class=\"wp-element-caption\">Cuarto Doble<\/figcaption><\/figure>\n\n\n\n<figure class=\"wp-block-image size-large\"><a href=\"https:\/\/haciendaprimavera.com\/es\/about-haciendaprimavera\/landscape\/\"><img loading=\"lazy\" decoding=\"async\" width=\"1024\" height=\"507\" data-id=\"1054\" src=\"https:\/\/haciendaprimavera.com\/wp-content\/uploads\/2025\/02\/Landscape-1024x507.jpg\" alt=\"\" class=\"wp-image-1054\" srcset=\"https:\/\/haciendaprimavera.com\/wp-content\/uploads\/2025\/02\/Landscape-1024x507.jpg 1024w, https:\/\/haciendaprimavera.com\/wp-content\/uploads\/2025\/02\/Landscape-600x297.jpg 600w, https:\/\/haciendaprimavera.com\/wp-content\/uploads\/2025\/02\/Landscape-300x149.jpg 300w, https:\/\/haciendaprimavera.com\/wp-content\/uploads\/2025\/02\/Landscape-768x380.jpg 768w, https:\/\/haciendaprimavera.com\/wp-content\/uploads\/2025\/02\/Landscape-1536x761.jpg 1536w, https:\/\/haciendaprimavera.com\/wp-content\/uploads\/2025\/02\/Landscape-2048x1014.jpg 2048w, https:\/\/haciendaprimavera.com\/wp-content\/uploads\/2025\/02\/Landscape-1170x580.jpg 1170w\" sizes=\"auto, (max-width: 1024px) 100vw, 1024px\" \/><\/a><\/figure>\n\n\n\n<figure class=\"wp-block-image size-large\"><a href=\"https:\/\/haciendaprimavera.com\/es\/home\/pool_jacuzzi\/\"><img loading=\"lazy\" decoding=\"async\" width=\"902\" height=\"1024\" data-id=\"1062\" src=\"https:\/\/haciendaprimavera.com\/wp-content\/uploads\/2025\/02\/Pool_Jacuzzi-902x1024.jpg\" alt=\"\" class=\"wp-image-1062\" srcset=\"https:\/\/haciendaprimavera.com\/wp-content\/uploads\/2025\/02\/Pool_Jacuzzi-902x1024.jpg 902w, https:\/\/haciendaprimavera.com\/wp-content\/uploads\/2025\/02\/Pool_Jacuzzi-600x681.jpg 600w, https:\/\/haciendaprimavera.com\/wp-content\/uploads\/2025\/02\/Pool_Jacuzzi-264x300.jpg 264w, https:\/\/haciendaprimavera.com\/wp-content\/uploads\/2025\/02\/Pool_Jacuzzi-768x872.jpg 768w, https:\/\/haciendaprimavera.com\/wp-content\/uploads\/2025\/02\/Pool_Jacuzzi-1353x1536.jpg 1353w, https:\/\/haciendaprimavera.com\/wp-content\/uploads\/2025\/02\/Pool_Jacuzzi-1170x1329.jpg 1170w, https:\/\/haciendaprimavera.com\/wp-content\/uploads\/2025\/02\/Pool_Jacuzzi.jpg 1600w\" sizes=\"auto, (max-width: 902px) 100vw, 902px\" \/><\/a><\/figure>\n\n\n\n<figure class=\"wp-block-image size-large\"><a href=\"https:\/\/haciendaprimavera.com\/es\/home\/restauranthacienda\/\"><img loading=\"lazy\" decoding=\"async\" width=\"1024\" height=\"982\" data-id=\"1059\" src=\"https:\/\/haciendaprimavera.com\/wp-content\/uploads\/2025\/02\/RestaurantHacienda-1024x982.jpg\" alt=\"Restaurant\" class=\"wp-image-1059\" srcset=\"https:\/\/haciendaprimavera.com\/wp-content\/uploads\/2025\/02\/RestaurantHacienda-1024x982.jpg 1024w, https:\/\/haciendaprimavera.com\/wp-content\/uploads\/2025\/02\/RestaurantHacienda-600x575.jpg 600w, https:\/\/haciendaprimavera.com\/wp-content\/uploads\/2025\/02\/RestaurantHacienda-300x288.jpg 300w, https:\/\/haciendaprimavera.com\/wp-content\/uploads\/2025\/02\/RestaurantHacienda-768x736.jpg 768w, https:\/\/haciendaprimavera.com\/wp-content\/uploads\/2025\/02\/RestaurantHacienda-1536x1473.jpg 1536w, https:\/\/haciendaprimavera.com\/wp-content\/uploads\/2025\/02\/RestaurantHacienda-1170x1122.jpg 1170w, https:\/\/haciendaprimavera.com\/wp-content\/uploads\/2025\/02\/RestaurantHacienda.jpg 1600w\" sizes=\"auto, (max-width: 1024px) 100vw, 1024px\" \/><\/a><\/figure>\n\n\n\n<figure class=\"wp-block-image size-large\"><a href=\"https:\/\/haciendaprimavera.com\/es\/home\/haciendaprimaveranoche\/\"><img loading=\"lazy\" decoding=\"async\" width=\"1024\" height=\"422\" data-id=\"1058\" src=\"https:\/\/haciendaprimavera.com\/wp-content\/uploads\/2025\/02\/HaciendaPrimaveraNoche-1024x422.jpg\" alt=\"\" class=\"wp-image-1058\" srcset=\"https:\/\/haciendaprimavera.com\/wp-content\/uploads\/2025\/02\/HaciendaPrimaveraNoche-1024x422.jpg 1024w, https:\/\/haciendaprimavera.com\/wp-content\/uploads\/2025\/02\/HaciendaPrimaveraNoche-600x247.jpg 600w, https:\/\/haciendaprimavera.com\/wp-content\/uploads\/2025\/02\/HaciendaPrimaveraNoche-300x124.jpg 300w, https:\/\/haciendaprimavera.com\/wp-content\/uploads\/2025\/02\/HaciendaPrimaveraNoche-768x317.jpg 768w, https:\/\/haciendaprimavera.com\/wp-content\/uploads\/2025\/02\/HaciendaPrimaveraNoche-1536x633.jpg 1536w, https:\/\/haciendaprimavera.com\/wp-content\/uploads\/2025\/02\/HaciendaPrimaveraNoche-2048x844.jpg 2048w, https:\/\/haciendaprimavera.com\/wp-content\/uploads\/2025\/02\/HaciendaPrimaveraNoche-1170x482.jpg 1170w\" sizes=\"auto, (max-width: 1024px) 100vw, 1024px\" \/><\/a><\/figure>\n<\/figure>\n<\/div><\/div><\/div><\/div><\/div>","protected":false},"excerpt":{"rendered":"<p>Hemos reunido fotograf\u00edas espectaculares de nuestro hotel y ubicaci\u00f3n para mostrar la belleza pura de la naturaleza y el estilo y dise\u00f1o perfeccionados de nuestros alojamientos para inspirarlo. <\/p>","protected":false},"author":1,"featured_media":1025,"parent":0,"menu_order":0,"comment_status":"closed","ping_status":"closed","template":"","meta":{"nf_dc_page":"","inline_featured_image":false,"footnotes":""},"class_list":["post-300","page","type-page","status-publish","has-post-thumbnail","hentry"],"yoast_head":"<!-- This site is optimized with the Yoast SEO plugin v27.4 - https:\/\/yoast.com\/product\/yoast-seo-wordpress\/ -->\n<title>Our Gallery |<\/title>\n<meta name=\"robots\" content=\"index, follow, max-snippet:-1, max-image-preview:large, max-video-preview:-1\" \/>\n<link rel=\"canonical\" href=\"https:\/\/haciendaprimavera.com\/es\/our-gallery\/\" \/>\n<meta property=\"og:locale\" content=\"es_ES\" \/>\n<meta property=\"og:type\" content=\"article\" \/>\n<meta property=\"og:title\" content=\"Our Gallery |\" \/>\n<meta property=\"og:description\" content=\"We have gathered spectacular pictures of our hotel and location to showcase pure beauty of nature and perfected style &amp; design of our accommodations to inspire you.\" \/>\n<meta property=\"og:url\" content=\"https:\/\/haciendaprimavera.com\/es\/our-gallery\/\" \/>\n<meta property=\"article:modified_time\" content=\"2025-02-17T20:55:49+00:00\" \/>\n<meta property=\"og:image\" content=\"https:\/\/haciendaprimavera.com\/wp-content\/uploads\/2019\/07\/gallery.jpg\" \/>\n\t<meta property=\"og:image:width\" content=\"2560\" \/>\n\t<meta property=\"og:image:height\" content=\"989\" \/>\n\t<meta property=\"og:image:type\" content=\"image\/jpeg\" \/>\n<meta name=\"twitter:card\" content=\"summary_large_image\" \/>\n<script type=\"application\/ld+json\" class=\"yoast-schema-graph\">{\"@context\":\"https:\\\/\\\/schema.org\",\"@graph\":[{\"@type\":\"WebPage\",\"@id\":\"https:\\\/\\\/haciendaprimavera.com\\\/our-gallery\\\/\",\"url\":\"https:\\\/\\\/haciendaprimavera.com\\\/our-gallery\\\/\",\"name\":\"Our Gallery |\",\"isPartOf\":{\"@id\":\"https:\\\/\\\/haciendaprimavera.com\\\/#website\"},\"primaryImageOfPage\":{\"@id\":\"https:\\\/\\\/haciendaprimavera.com\\\/our-gallery\\\/#primaryimage\"},\"image\":{\"@id\":\"https:\\\/\\\/haciendaprimavera.com\\\/our-gallery\\\/#primaryimage\"},\"thumbnailUrl\":\"https:\\\/\\\/haciendaprimavera.com\\\/wp-content\\\/uploads\\\/2019\\\/07\\\/gallery.jpg\",\"datePublished\":\"2019-06-12T11:51:44+00:00\",\"dateModified\":\"2025-02-17T20:55:49+00:00\",\"breadcrumb\":{\"@id\":\"https:\\\/\\\/haciendaprimavera.com\\\/our-gallery\\\/#breadcrumb\"},\"inLanguage\":\"es\",\"potentialAction\":[{\"@type\":\"ReadAction\",\"target\":[\"https:\\\/\\\/haciendaprimavera.com\\\/our-gallery\\\/\"]}]},{\"@type\":\"ImageObject\",\"inLanguage\":\"es\",\"@id\":\"https:\\\/\\\/haciendaprimavera.com\\\/our-gallery\\\/#primaryimage\",\"url\":\"https:\\\/\\\/haciendaprimavera.com\\\/wp-content\\\/uploads\\\/2019\\\/07\\\/gallery.jpg\",\"contentUrl\":\"https:\\\/\\\/haciendaprimavera.com\\\/wp-content\\\/uploads\\\/2019\\\/07\\\/gallery.jpg\",\"width\":2560,\"height\":989},{\"@type\":\"BreadcrumbList\",\"@id\":\"https:\\\/\\\/haciendaprimavera.com\\\/our-gallery\\\/#breadcrumb\",\"itemListElement\":[{\"@type\":\"ListItem\",\"position\":1,\"name\":\"Home\",\"item\":\"https:\\\/\\\/haciendaprimavera.com\\\/\"},{\"@type\":\"ListItem\",\"position\":2,\"name\":\"Our Gallery\"}]},{\"@type\":\"WebSite\",\"@id\":\"https:\\\/\\\/haciendaprimavera.com\\\/#website\",\"url\":\"https:\\\/\\\/haciendaprimavera.com\\\/\",\"name\":\"Hacienda Primavera\",\"description\":\"\",\"publisher\":{\"@id\":\"https:\\\/\\\/haciendaprimavera.com\\\/#organization\"},\"potentialAction\":[{\"@type\":\"SearchAction\",\"target\":{\"@type\":\"EntryPoint\",\"urlTemplate\":\"https:\\\/\\\/haciendaprimavera.com\\\/?s={search_term_string}\"},\"query-input\":{\"@type\":\"PropertyValueSpecification\",\"valueRequired\":true,\"valueName\":\"search_term_string\"}}],\"inLanguage\":\"es\"},{\"@type\":\"Organization\",\"@id\":\"https:\\\/\\\/haciendaprimavera.com\\\/#organization\",\"name\":\"Hacienda Primavera\",\"url\":\"https:\\\/\\\/haciendaprimavera.com\\\/\",\"logo\":{\"@type\":\"ImageObject\",\"inLanguage\":\"es\",\"@id\":\"https:\\\/\\\/haciendaprimavera.com\\\/#\\\/schema\\\/logo\\\/image\\\/\",\"url\":\"https:\\\/\\\/haciendaprimavera.com\\\/wp-content\\\/uploads\\\/2025\\\/02\\\/HACIENDA-PRIMAVERA-Logo.png\",\"contentUrl\":\"https:\\\/\\\/haciendaprimavera.com\\\/wp-content\\\/uploads\\\/2025\\\/02\\\/HACIENDA-PRIMAVERA-Logo.png\",\"width\":100,\"height\":100,\"caption\":\"Hacienda Primavera\"},\"image\":{\"@id\":\"https:\\\/\\\/haciendaprimavera.com\\\/#\\\/schema\\\/logo\\\/image\\\/\"}}]}<\/script>\n<!-- \/ Yoast SEO plugin. -->","yoast_head_json":{"title":"Our Gallery |","robots":{"index":"index","follow":"follow","max-snippet":"max-snippet:-1","max-image-preview":"max-image-preview:large","max-video-preview":"max-video-preview:-1"},"canonical":"https:\/\/haciendaprimavera.com\/es\/our-gallery\/","og_locale":"es_ES","og_type":"article","og_title":"Our Gallery |","og_description":"We have gathered spectacular pictures of our hotel and location to showcase pure beauty of nature and perfected style & design of our accommodations to inspire you.","og_url":"https:\/\/haciendaprimavera.com\/es\/our-gallery\/","article_modified_time":"2025-02-17T20:55:49+00:00","og_image":[{"width":2560,"height":989,"url":"https:\/\/haciendaprimavera.com\/wp-content\/uploads\/2019\/07\/gallery.jpg","type":"image\/jpeg"}],"twitter_card":"summary_large_image","schema":{"@context":"https:\/\/schema.org","@graph":[{"@type":"WebPage","@id":"https:\/\/haciendaprimavera.com\/our-gallery\/","url":"https:\/\/haciendaprimavera.com\/our-gallery\/","name":"Our Gallery |","isPartOf":{"@id":"https:\/\/haciendaprimavera.com\/#website"},"primaryImageOfPage":{"@id":"https:\/\/haciendaprimavera.com\/our-gallery\/#primaryimage"},"image":{"@id":"https:\/\/haciendaprimavera.com\/our-gallery\/#primaryimage"},"thumbnailUrl":"https:\/\/haciendaprimavera.com\/wp-content\/uploads\/2019\/07\/gallery.jpg","datePublished":"2019-06-12T11:51:44+00:00","dateModified":"2025-02-17T20:55:49+00:00","breadcrumb":{"@id":"https:\/\/haciendaprimavera.com\/our-gallery\/#breadcrumb"},"inLanguage":"es","potentialAction":[{"@type":"ReadAction","target":["https:\/\/haciendaprimavera.com\/our-gallery\/"]}]},{"@type":"ImageObject","inLanguage":"es","@id":"https:\/\/haciendaprimavera.com\/our-gallery\/#primaryimage","url":"https:\/\/haciendaprimavera.com\/wp-content\/uploads\/2019\/07\/gallery.jpg","contentUrl":"https:\/\/haciendaprimavera.com\/wp-content\/uploads\/2019\/07\/gallery.jpg","width":2560,"height":989},{"@type":"BreadcrumbList","@id":"https:\/\/haciendaprimavera.com\/our-gallery\/#breadcrumb","itemListElement":[{"@type":"ListItem","position":1,"name":"Home","item":"https:\/\/haciendaprimavera.com\/"},{"@type":"ListItem","position":2,"name":"Our Gallery"}]},{"@type":"WebSite","@id":"https:\/\/haciendaprimavera.com\/#website","url":"https:\/\/haciendaprimavera.com\/","name":"Hacienda Primavera","description":"","publisher":{"@id":"https:\/\/haciendaprimavera.com\/#organization"},"potentialAction":[{"@type":"SearchAction","target":{"@type":"EntryPoint","urlTemplate":"https:\/\/haciendaprimavera.com\/?s={search_term_string}"},"query-input":{"@type":"PropertyValueSpecification","valueRequired":true,"valueName":"search_term_string"}}],"inLanguage":"es"},{"@type":"Organization","@id":"https:\/\/haciendaprimavera.com\/#organization","name":"Hacienda Primavera","url":"https:\/\/haciendaprimavera.com\/","logo":{"@type":"ImageObject","inLanguage":"es","@id":"https:\/\/haciendaprimavera.com\/#\/schema\/logo\/image\/","url":"https:\/\/haciendaprimavera.com\/wp-content\/uploads\/2025\/02\/HACIENDA-PRIMAVERA-Logo.png","contentUrl":"https:\/\/haciendaprimavera.com\/wp-content\/uploads\/2025\/02\/HACIENDA-PRIMAVERA-Logo.png","width":100,"height":100,"caption":"Hacienda Primavera"},"image":{"@id":"https:\/\/haciendaprimavera.com\/#\/schema\/logo\/image\/"}}]}},"_links":{"self":[{"href":"https:\/\/haciendaprimavera.com\/es\/wp-json\/wp\/v2\/pages\/300","targetHints":{"allow":["GET"]}}],"collection":[{"href":"https:\/\/haciendaprimavera.com\/es\/wp-json\/wp\/v2\/pages"}],"about":[{"href":"https:\/\/haciendaprimavera.com\/es\/wp-json\/wp\/v2\/types\/page"}],"author":[{"embeddable":true,"href":"https:\/\/haciendaprimavera.com\/es\/wp-json\/wp\/v2\/users\/1"}],"replies":[{"embeddable":true,"href":"https:\/\/haciendaprimavera.com\/es\/wp-json\/wp\/v2\/comments?post=300"}],"version-history":[{"count":1,"href":"https:\/\/haciendaprimavera.com\/es\/wp-json\/wp\/v2\/pages\/300\/revisions"}],"predecessor-version":[{"id":1076,"href":"https:\/\/haciendaprimavera.com\/es\/wp-json\/wp\/v2\/pages\/300\/revisions\/1076"}],"wp:featuredmedia":[{"embeddable":true,"href":"https:\/\/haciendaprimavera.com\/es\/wp-json\/wp\/v2\/media\/1025"}],"wp:attachment":[{"href":"https:\/\/haciendaprimavera.com\/es\/wp-json\/wp\/v2\/media?parent=300"}],"curies":[{"name":"wp","href":"https:\/\/api.w.org\/{rel}","templated":true}]}}