{"id":254,"date":"2019-06-12T09:36:41","date_gmt":"2019-06-12T09:36:41","guid":{"rendered":"https:\/\/themes.getmotopress.com\/luviana\/?page_id=254"},"modified":"2025-05-19T15:53:48","modified_gmt":"2025-05-19T15:53:48","slug":"restaurant","status":"publish","type":"page","link":"https:\/\/haciendaprimavera.com\/es\/restaurant\/","title":{"rendered":"Restaurante"},"content":{"rendered":"<div class=\"alignfull wp-block-getwid-section alignfull has-inner-blocks-gap-none\"><div class=\"wp-block-getwid-section__wrapper getwid-padding-top-none getwid-padding-bottom-none getwid-padding-left-medium getwid-padding-right-medium getwid-padding-mobile-left-small getwid-padding-mobile-right-small\"><div class=\"wp-block-getwid-section__inner-wrapper\"><div class=\"wp-block-getwid-section__background-holder\"><div class=\"wp-block-getwid-section__background\"><\/div><div class=\"wp-block-getwid-section__foreground\"><\/div><\/div><div class=\"wp-block-getwid-section__content\"><div class=\"wp-block-getwid-section__inner-content\">\n<div class=\"wp-block-getwid-image-box has-image-right has-text-left has-mobile-layout-column has-mobile-alignment-default\"><div style=\"margin-left:90px\" class=\"wp-block-getwid-image-box__image-container is-position-middle\"><div class=\"wp-block-getwid-image-box__image-wrapper\"><img loading=\"lazy\" decoding=\"async\" width=\"1024\" height=\"1024\" src=\"https:\/\/themes.getmotopress.com\/luviana\/wp-content\/uploads\/sites\/27\/2019\/07\/indian-kitchen-1024x1024.jpg\" alt=\"\" class=\"wp-block-getwid-image-box__image wp-image-589\" srcset=\"https:\/\/haciendaprimavera.com\/wp-content\/uploads\/2019\/07\/indian-kitchen-1024x1024.jpg 1024w, https:\/\/haciendaprimavera.com\/wp-content\/uploads\/2019\/07\/indian-kitchen-300x300.jpg 300w, https:\/\/haciendaprimavera.com\/wp-content\/uploads\/2019\/07\/indian-kitchen-100x100.jpg 100w, https:\/\/haciendaprimavera.com\/wp-content\/uploads\/2019\/07\/indian-kitchen-600x600.jpg 600w, https:\/\/haciendaprimavera.com\/wp-content\/uploads\/2019\/07\/indian-kitchen-150x150.jpg 150w, https:\/\/haciendaprimavera.com\/wp-content\/uploads\/2019\/07\/indian-kitchen-768x768.jpg 768w, https:\/\/haciendaprimavera.com\/wp-content\/uploads\/2019\/07\/indian-kitchen-1536x1536.jpg 1536w, https:\/\/haciendaprimavera.com\/wp-content\/uploads\/2019\/07\/indian-kitchen-1170x1170.jpg 1170w, https:\/\/haciendaprimavera.com\/wp-content\/uploads\/2019\/07\/indian-kitchen-992x992.jpg 992w, https:\/\/haciendaprimavera.com\/wp-content\/uploads\/2019\/07\/indian-kitchen.jpg 1600w\" sizes=\"auto, (max-width: 1024px) 100vw, 1024px\" \/><\/div><\/div><div class=\"wp-block-getwid-image-box__content\">\n<div class=\"is-style-style-1 wp-block-getwid-advanced-heading\" style=\"margin-bottom:30px\"><h2 class=\"wp-block-getwid-advanced-heading__content\">Cocina Local<\/h2><\/div>\n\n\n\n<p class=\"\">En Hacienda Primavera, le invitamos a disfrutar de una experiencia culinaria \u00fanica dise\u00f1ada para satisfacer todos los paladares. Nuestra oferta gastron\u00f3mica combina sabores locales con ingredientes frescos y una preparaci\u00f3n experta.<\/p>\n\n\n\n<p class=\"\"><strong>Desayuno<\/strong>:Empiece el d\u00eda con una selecci\u00f3n de frutas frescas, productos horneados, jugos reci\u00e9n exprimidos, caf\u00e9 premium y huevos hechos a pedido, preparados tal como a usted le gustan.<br><strong>Almuerzo<\/strong>:Desde refrigerios ligeros hasta comidas abundantes<br><strong>Cena<\/strong>: Disfrute de los sabores de los platos insignia de nuestro chef, elaborados con esmero con ingredientes de temporada. El men\u00fa cambia con frecuencia para reflejar los productos locales m\u00e1s frescos y la creatividad culinaria.<\/p>\n<\/div><\/div>\n\n\n\n<div class=\"wp-block-getwid-image-box has-image-left has-text-left has-mobile-layout-column has-mobile-alignment-default\"><div style=\"margin-right:90px\" class=\"wp-block-getwid-image-box__image-container is-position-middle\"><div class=\"wp-block-getwid-image-box__image-wrapper\"><img loading=\"lazy\" decoding=\"async\" width=\"1024\" height=\"1024\" src=\"https:\/\/themes.getmotopress.com\/luviana\/wp-content\/uploads\/sites\/27\/2019\/07\/japanise-kitchen-1024x1024.jpg\" alt=\"\" class=\"wp-block-getwid-image-box__image wp-image-587\" srcset=\"https:\/\/haciendaprimavera.com\/wp-content\/uploads\/2019\/07\/japanise-kitchen-1024x1024.jpg 1024w, https:\/\/haciendaprimavera.com\/wp-content\/uploads\/2019\/07\/japanise-kitchen-300x300.jpg 300w, https:\/\/haciendaprimavera.com\/wp-content\/uploads\/2019\/07\/japanise-kitchen-100x100.jpg 100w, https:\/\/haciendaprimavera.com\/wp-content\/uploads\/2019\/07\/japanise-kitchen-600x600.jpg 600w, https:\/\/haciendaprimavera.com\/wp-content\/uploads\/2019\/07\/japanise-kitchen-150x150.jpg 150w, https:\/\/haciendaprimavera.com\/wp-content\/uploads\/2019\/07\/japanise-kitchen-768x768.jpg 768w, https:\/\/haciendaprimavera.com\/wp-content\/uploads\/2019\/07\/japanise-kitchen-1536x1536.jpg 1536w, https:\/\/haciendaprimavera.com\/wp-content\/uploads\/2019\/07\/japanise-kitchen-1170x1170.jpg 1170w, https:\/\/haciendaprimavera.com\/wp-content\/uploads\/2019\/07\/japanise-kitchen-992x992.jpg 992w, https:\/\/haciendaprimavera.com\/wp-content\/uploads\/2019\/07\/japanise-kitchen.jpg 1600w\" sizes=\"auto, (max-width: 1024px) 100vw, 1024px\" \/><\/div><\/div><div class=\"wp-block-getwid-image-box__content\">\n<div class=\"wp-block-getwid-advanced-heading\" style=\"margin-bottom:30px\"><h2 class=\"wp-block-getwid-advanced-heading__content\">Bar &amp; Lounge<\/h2><\/div>\n\n\n\n<div class=\"wp-block-getwid-price-list\"> <div class=\"wp-block-getwid-price-list__content-wrapper\"><div class=\"wp-block-getwid-price-list__header\"><h5 class=\"wp-block-getwid-price-list__title\">Vinos<\/h5><div class=\"wp-block-getwid-price-list__price-line\"><\/div><div class=\"wp-block-getwid-price-list__price-wrapper\"><h5 class=\"wp-block-getwid-price-list__amount\">45.00<\/h5><\/div><\/div><p class=\"wp-block-getwid-price-list__description\"> <\/p><\/div><\/div>\n\n\n\n<div class=\"wp-block-getwid-price-list\"> <div class=\"wp-block-getwid-price-list__content-wrapper\"><div class=\"wp-block-getwid-price-list__header\"><h5 class=\"wp-block-getwid-price-list__title\">Cocktails<\/h5><div class=\"wp-block-getwid-price-list__price-line\"><\/div><div class=\"wp-block-getwid-price-list__price-wrapper\"><h5 class=\"wp-block-getwid-price-list__amount\">15.00<\/h5><\/div><\/div><\/div><\/div>\n\n\n\n<div class=\"wp-block-getwid-price-list\"> <div class=\"wp-block-getwid-price-list__content-wrapper\"><div class=\"wp-block-getwid-price-list__header\"><h5 class=\"wp-block-getwid-price-list__title\">Cerveza Local <img loading=\"lazy\" decoding=\"async\" width=\"97\" height=\"15\" class=\"wp-image-892\" style=\"width: 97px;\" src=\"https:\/\/haciendaprimavera.com\/wp-content\/uploads\/2019\/07\/recommended.png\" alt=\"\"><\/h5><div class=\"wp-block-getwid-price-list__price-line\"><\/div><div class=\"wp-block-getwid-price-list__price-wrapper\"><h5 class=\"wp-block-getwid-price-list__amount\">5.00<\/h5><\/div><\/div><\/div><\/div>\n\n\n\n<div style=\"height:20px\" aria-hidden=\"true\" class=\"wp-block-spacer\"><\/div>\n<\/div><\/div>\n\n\n\n<div style=\"height:82px\" aria-hidden=\"true\" class=\"wp-block-spacer\"><\/div>\n\n\n\n<hr class=\"is-style-wide wp-block-separator has-css-opacity\"\/>\n\n\n\n<div style=\"height:66px\" aria-hidden=\"true\" class=\"wp-block-spacer\"><\/div>\n\n\n\n<div class=\"wp-block-getwid-section\"><div class=\"wp-block-getwid-section__wrapper getwid-padding-top-none getwid-padding-bottom-none getwid-padding-left-none getwid-padding-right-none\"><div class=\"wp-block-getwid-section__inner-wrapper\"><div class=\"wp-block-getwid-section__background-holder\"><div class=\"wp-block-getwid-section__background\"><\/div><div class=\"wp-block-getwid-section__foreground\"><\/div><\/div><div class=\"wp-block-getwid-section__content\"><div class=\"wp-block-getwid-section__inner-content\">\n<div class=\"has-3-columns wp-block-columns is-layout-flex wp-container-core-columns-is-layout-9d6595d7 wp-block-columns-is-layout-flex\">\n<div class=\"wp-block-column is-layout-flow wp-block-column-is-layout-flow\">\n<div class=\"wp-block-getwid-advanced-heading\" style=\"margin-bottom:30px\"><h3 class=\"wp-block-getwid-advanced-heading__content\">Horarios<\/h3><\/div>\n\n\n\n<figure class=\"is-style-stripes wp-block-table\"><table><tbody><tr><td><strong>Almuerzo<\/strong><\/td><td><\/td><\/tr><tr><td>Lunes - Viernes<\/td><td>11:00 am &#8211; 2:30 pm<\/td><\/tr><\/tbody><\/table><\/figure>\n\n\n\n<figure class=\"is-style-stripes wp-block-table\"><table><tbody><tr><td><strong>Cena<\/strong><\/td><td><\/td><\/tr><tr><td>Lunes - Jueves<\/td><td>5:00 pm &#8211; 10:00 pm<\/td><\/tr><tr><td> Viernes - S\u00e1bado<\/td><td>5:00 pm &#8211; 11:00 pm <\/td><\/tr><\/tbody><\/table><\/figure>\n<\/div>\n\n\n\n<div class=\"wp-block-column is-layout-flow wp-block-column-is-layout-flow\"><\/div>\n\n\n\n<div class=\"wp-block-column is-layout-flow wp-block-column-is-layout-flow\"><\/div>\n<\/div>\n<\/div><\/div><\/div><\/div><\/div>\n<\/div><\/div><\/div><\/div><\/div>\n\n\n\n<p class=\"\"><\/p>","protected":false},"excerpt":{"rendered":"<p>Deleite su paladar en nuestro restaurante y bar. Nuestros chefs profesionales le preparar\u00e1n platos locales. Disfrute de su comida con una maravillosa vista desde la terraza del restaurante. <\/p>","protected":false},"author":1,"featured_media":584,"parent":0,"menu_order":0,"comment_status":"closed","ping_status":"closed","template":"","meta":{"nf_dc_page":"","inline_featured_image":false,"footnotes":""},"class_list":["post-254","page","type-page","status-publish","has-post-thumbnail","hentry"],"yoast_head":"<!-- This site is optimized with the Yoast SEO plugin v27.4 - https:\/\/yoast.com\/product\/yoast-seo-wordpress\/ -->\n<title>Restaurant |<\/title>\n<meta name=\"robots\" content=\"index, follow, max-snippet:-1, max-image-preview:large, max-video-preview:-1\" \/>\n<link rel=\"canonical\" href=\"https:\/\/haciendaprimavera.com\/es\/restaurant\/\" \/>\n<meta property=\"og:locale\" content=\"es_ES\" \/>\n<meta property=\"og:type\" content=\"article\" \/>\n<meta property=\"og:title\" content=\"Restaurant |\" \/>\n<meta property=\"og:description\" content=\"Indulge your taste buds at our restaurant and bar. Our professional chefs will cook local dishes for you. Enjoy your food with wonderful view from restaurants terrace.\" \/>\n<meta property=\"og:url\" content=\"https:\/\/haciendaprimavera.com\/es\/restaurant\/\" \/>\n<meta property=\"article:modified_time\" content=\"2025-05-19T15:53:48+00:00\" \/>\n<meta property=\"og:image\" content=\"https:\/\/haciendaprimavera.com\/wp-content\/uploads\/2019\/07\/restaurant-header.jpg\" \/>\n\t<meta property=\"og:image:width\" content=\"2560\" \/>\n\t<meta property=\"og:image:height\" content=\"831\" \/>\n\t<meta property=\"og:image:type\" content=\"image\/jpeg\" \/>\n<meta name=\"twitter:card\" content=\"summary_large_image\" \/>\n<meta name=\"twitter:label1\" content=\"Tiempo de lectura\" \/>\n\t<meta name=\"twitter:data1\" content=\"1 minuto\" \/>\n<script type=\"application\/ld+json\" class=\"yoast-schema-graph\">{\"@context\":\"https:\\\/\\\/schema.org\",\"@graph\":[{\"@type\":\"WebPage\",\"@id\":\"https:\\\/\\\/haciendaprimavera.com\\\/restaurant\\\/\",\"url\":\"https:\\\/\\\/haciendaprimavera.com\\\/restaurant\\\/\",\"name\":\"Restaurant |\",\"isPartOf\":{\"@id\":\"https:\\\/\\\/haciendaprimavera.com\\\/#website\"},\"primaryImageOfPage\":{\"@id\":\"https:\\\/\\\/haciendaprimavera.com\\\/restaurant\\\/#primaryimage\"},\"image\":{\"@id\":\"https:\\\/\\\/haciendaprimavera.com\\\/restaurant\\\/#primaryimage\"},\"thumbnailUrl\":\"https:\\\/\\\/haciendaprimavera.com\\\/wp-content\\\/uploads\\\/2019\\\/07\\\/restaurant-header.jpg\",\"datePublished\":\"2019-06-12T09:36:41+00:00\",\"dateModified\":\"2025-05-19T15:53:48+00:00\",\"breadcrumb\":{\"@id\":\"https:\\\/\\\/haciendaprimavera.com\\\/restaurant\\\/#breadcrumb\"},\"inLanguage\":\"es\",\"potentialAction\":[{\"@type\":\"ReadAction\",\"target\":[\"https:\\\/\\\/haciendaprimavera.com\\\/restaurant\\\/\"]}]},{\"@type\":\"ImageObject\",\"inLanguage\":\"es\",\"@id\":\"https:\\\/\\\/haciendaprimavera.com\\\/restaurant\\\/#primaryimage\",\"url\":\"https:\\\/\\\/haciendaprimavera.com\\\/wp-content\\\/uploads\\\/2019\\\/07\\\/restaurant-header.jpg\",\"contentUrl\":\"https:\\\/\\\/haciendaprimavera.com\\\/wp-content\\\/uploads\\\/2019\\\/07\\\/restaurant-header.jpg\",\"width\":2560,\"height\":831},{\"@type\":\"BreadcrumbList\",\"@id\":\"https:\\\/\\\/haciendaprimavera.com\\\/restaurant\\\/#breadcrumb\",\"itemListElement\":[{\"@type\":\"ListItem\",\"position\":1,\"name\":\"Home\",\"item\":\"https:\\\/\\\/haciendaprimavera.com\\\/\"},{\"@type\":\"ListItem\",\"position\":2,\"name\":\"Restaurant\"}]},{\"@type\":\"WebSite\",\"@id\":\"https:\\\/\\\/haciendaprimavera.com\\\/#website\",\"url\":\"https:\\\/\\\/haciendaprimavera.com\\\/\",\"name\":\"Hacienda Primavera\",\"description\":\"\",\"publisher\":{\"@id\":\"https:\\\/\\\/haciendaprimavera.com\\\/#organization\"},\"potentialAction\":[{\"@type\":\"SearchAction\",\"target\":{\"@type\":\"EntryPoint\",\"urlTemplate\":\"https:\\\/\\\/haciendaprimavera.com\\\/?s={search_term_string}\"},\"query-input\":{\"@type\":\"PropertyValueSpecification\",\"valueRequired\":true,\"valueName\":\"search_term_string\"}}],\"inLanguage\":\"es\"},{\"@type\":\"Organization\",\"@id\":\"https:\\\/\\\/haciendaprimavera.com\\\/#organization\",\"name\":\"Hacienda Primavera\",\"url\":\"https:\\\/\\\/haciendaprimavera.com\\\/\",\"logo\":{\"@type\":\"ImageObject\",\"inLanguage\":\"es\",\"@id\":\"https:\\\/\\\/haciendaprimavera.com\\\/#\\\/schema\\\/logo\\\/image\\\/\",\"url\":\"https:\\\/\\\/haciendaprimavera.com\\\/wp-content\\\/uploads\\\/2025\\\/02\\\/HACIENDA-PRIMAVERA-Logo.png\",\"contentUrl\":\"https:\\\/\\\/haciendaprimavera.com\\\/wp-content\\\/uploads\\\/2025\\\/02\\\/HACIENDA-PRIMAVERA-Logo.png\",\"width\":100,\"height\":100,\"caption\":\"Hacienda Primavera\"},\"image\":{\"@id\":\"https:\\\/\\\/haciendaprimavera.com\\\/#\\\/schema\\\/logo\\\/image\\\/\"}}]}<\/script>\n<!-- \/ Yoast SEO plugin. -->","yoast_head_json":{"title":"Restaurant |","robots":{"index":"index","follow":"follow","max-snippet":"max-snippet:-1","max-image-preview":"max-image-preview:large","max-video-preview":"max-video-preview:-1"},"canonical":"https:\/\/haciendaprimavera.com\/es\/restaurant\/","og_locale":"es_ES","og_type":"article","og_title":"Restaurant |","og_description":"Indulge your taste buds at our restaurant and bar. Our professional chefs will cook local dishes for you. Enjoy your food with wonderful view from restaurants terrace.","og_url":"https:\/\/haciendaprimavera.com\/es\/restaurant\/","article_modified_time":"2025-05-19T15:53:48+00:00","og_image":[{"width":2560,"height":831,"url":"https:\/\/haciendaprimavera.com\/wp-content\/uploads\/2019\/07\/restaurant-header.jpg","type":"image\/jpeg"}],"twitter_card":"summary_large_image","twitter_misc":{"Tiempo de lectura":"1 minuto"},"schema":{"@context":"https:\/\/schema.org","@graph":[{"@type":"WebPage","@id":"https:\/\/haciendaprimavera.com\/restaurant\/","url":"https:\/\/haciendaprimavera.com\/restaurant\/","name":"Restaurant |","isPartOf":{"@id":"https:\/\/haciendaprimavera.com\/#website"},"primaryImageOfPage":{"@id":"https:\/\/haciendaprimavera.com\/restaurant\/#primaryimage"},"image":{"@id":"https:\/\/haciendaprimavera.com\/restaurant\/#primaryimage"},"thumbnailUrl":"https:\/\/haciendaprimavera.com\/wp-content\/uploads\/2019\/07\/restaurant-header.jpg","datePublished":"2019-06-12T09:36:41+00:00","dateModified":"2025-05-19T15:53:48+00:00","breadcrumb":{"@id":"https:\/\/haciendaprimavera.com\/restaurant\/#breadcrumb"},"inLanguage":"es","potentialAction":[{"@type":"ReadAction","target":["https:\/\/haciendaprimavera.com\/restaurant\/"]}]},{"@type":"ImageObject","inLanguage":"es","@id":"https:\/\/haciendaprimavera.com\/restaurant\/#primaryimage","url":"https:\/\/haciendaprimavera.com\/wp-content\/uploads\/2019\/07\/restaurant-header.jpg","contentUrl":"https:\/\/haciendaprimavera.com\/wp-content\/uploads\/2019\/07\/restaurant-header.jpg","width":2560,"height":831},{"@type":"BreadcrumbList","@id":"https:\/\/haciendaprimavera.com\/restaurant\/#breadcrumb","itemListElement":[{"@type":"ListItem","position":1,"name":"Home","item":"https:\/\/haciendaprimavera.com\/"},{"@type":"ListItem","position":2,"name":"Restaurant"}]},{"@type":"WebSite","@id":"https:\/\/haciendaprimavera.com\/#website","url":"https:\/\/haciendaprimavera.com\/","name":"Hacienda Primavera","description":"","publisher":{"@id":"https:\/\/haciendaprimavera.com\/#organization"},"potentialAction":[{"@type":"SearchAction","target":{"@type":"EntryPoint","urlTemplate":"https:\/\/haciendaprimavera.com\/?s={search_term_string}"},"query-input":{"@type":"PropertyValueSpecification","valueRequired":true,"valueName":"search_term_string"}}],"inLanguage":"es"},{"@type":"Organization","@id":"https:\/\/haciendaprimavera.com\/#organization","name":"Hacienda Primavera","url":"https:\/\/haciendaprimavera.com\/","logo":{"@type":"ImageObject","inLanguage":"es","@id":"https:\/\/haciendaprimavera.com\/#\/schema\/logo\/image\/","url":"https:\/\/haciendaprimavera.com\/wp-content\/uploads\/2025\/02\/HACIENDA-PRIMAVERA-Logo.png","contentUrl":"https:\/\/haciendaprimavera.com\/wp-content\/uploads\/2025\/02\/HACIENDA-PRIMAVERA-Logo.png","width":100,"height":100,"caption":"Hacienda Primavera"},"image":{"@id":"https:\/\/haciendaprimavera.com\/#\/schema\/logo\/image\/"}}]}},"_links":{"self":[{"href":"https:\/\/haciendaprimavera.com\/es\/wp-json\/wp\/v2\/pages\/254","targetHints":{"allow":["GET"]}}],"collection":[{"href":"https:\/\/haciendaprimavera.com\/es\/wp-json\/wp\/v2\/pages"}],"about":[{"href":"https:\/\/haciendaprimavera.com\/es\/wp-json\/wp\/v2\/types\/page"}],"author":[{"embeddable":true,"href":"https:\/\/haciendaprimavera.com\/es\/wp-json\/wp\/v2\/users\/1"}],"replies":[{"embeddable":true,"href":"https:\/\/haciendaprimavera.com\/es\/wp-json\/wp\/v2\/comments?post=254"}],"version-history":[{"count":3,"href":"https:\/\/haciendaprimavera.com\/es\/wp-json\/wp\/v2\/pages\/254\/revisions"}],"predecessor-version":[{"id":1241,"href":"https:\/\/haciendaprimavera.com\/es\/wp-json\/wp\/v2\/pages\/254\/revisions\/1241"}],"wp:featuredmedia":[{"embeddable":true,"href":"https:\/\/haciendaprimavera.com\/es\/wp-json\/wp\/v2\/media\/584"}],"wp:attachment":[{"href":"https:\/\/haciendaprimavera.com\/es\/wp-json\/wp\/v2\/media?parent=254"}],"curies":[{"name":"wp","href":"https:\/\/api.w.org\/{rel}","templated":true}]}}