{"id":228,"date":"2019-06-12T07:44:45","date_gmt":"2019-06-12T07:44:45","guid":{"rendered":"https:\/\/themes.getmotopress.com\/luviana\/?page_id=228"},"modified":"2025-05-19T16:06:37","modified_gmt":"2025-05-19T16:06:37","slug":"about-haciendaprimavera","status":"publish","type":"page","link":"https:\/\/haciendaprimavera.com\/es\/about-haciendaprimavera\/","title":{"rendered":"Sobre Hacienda Primavera"},"content":{"rendered":"<div class=\"alignfull wp-block-getwid-section alignfull getwid-margin-top-none getwid-margin-bottom-none\"><div class=\"wp-block-getwid-section__wrapper getwid-padding-top-none getwid-padding-bottom-none getwid-padding-left-medium getwid-padding-right-medium getwid-padding-mobile-left-small getwid-padding-mobile-right-small\"><div class=\"wp-block-getwid-section__inner-wrapper\"><div class=\"wp-block-getwid-section__background-holder\"><div class=\"wp-block-getwid-section__background\"><\/div><div class=\"wp-block-getwid-section__foreground\"><\/div><\/div><div class=\"wp-block-getwid-section__content\"><div class=\"wp-block-getwid-section__inner-content\">\n<div class=\"has-2-columns wp-block-columns is-layout-flex wp-container-core-columns-is-layout-9d6595d7 wp-block-columns-is-layout-flex\">\n<div class=\"wp-block-column is-layout-flow wp-block-column-is-layout-flow\">\n<div class=\"is-style-style-1 wp-block-getwid-advanced-heading has-custom-font-size\" style=\"font-size:12px;margin-bottom:0px\"><p class=\"wp-block-getwid-advanced-heading__content\" style=\"letter-spacing:0.1em\">ELEVANDO LA COMODIDAD AL M\u00c1XIMO NIVEL<\/p><\/div>\n\n\n\n<div class=\"is-style-default wp-block-getwid-advanced-heading\" style=\"margin-top:10px\"><h2 class=\"wp-block-getwid-advanced-heading__content\">Bienvenidos a Hacienda Primavera<\/h2><\/div>\n<\/div>\n\n\n\n<div class=\"wp-block-column is-layout-flow wp-block-column-is-layout-flow\">\n<p class=\"\">Es un caser\u00edo peque\u00f1o y c\u00f3modo. Nuestro personal ofrece un servicio atento y de alta calidad y siempre est\u00e1 dispuesto a ayudar a los hu\u00e9spedes.<\/p>\n\n\n\n<p class=\"\">El caser\u00edo est\u00e1 construido en una sola planta. La planta principal cuenta con una acogedora recepci\u00f3n y un acogedor sal\u00f3n donde podr\u00e1 disfrutar de una taza de t\u00e9, escuchar m\u00fasica o simplemente leer. Alrededor del caser\u00edo y de cada habitaci\u00f3n se encuentra una espl\u00e9ndida terraza, el espacio perfecto para relajarse y disfrutar de la serenidad de un nuevo amanecer en medio de la belleza ind\u00f3mita de Ecuador. Aqu\u00ed podr\u00e1 admirar la exuberante vegetaci\u00f3n, observar la fauna local y admirar los impresionantes paisajes naturales. El caser\u00edo ofrece una armoniosa combinaci\u00f3n de paz y tranquilidad, realzada por el relajante canto de los p\u00e1jaros de la naturaleza circundante.<\/p>\n<\/div>\n<\/div>\n<\/div><\/div><\/div><\/div><\/div>\n\n\n\n<div class=\"alignfull wp-block-getwid-section alignfull getwid-margin-top-none getwid-margin-bottom-none\"><div class=\"wp-block-getwid-section__wrapper getwid-padding-top-normal getwid-padding-bottom-normal getwid-padding-left-medium getwid-padding-right-medium getwid-padding-mobile-left-small getwid-padding-mobile-right-small\"><div class=\"wp-block-getwid-section__inner-wrapper\"><div class=\"wp-block-getwid-section__background-holder\"><div class=\"wp-block-getwid-section__background\"><\/div><div class=\"wp-block-getwid-section__foreground\"><\/div><\/div><div class=\"wp-block-getwid-section__content\"><div class=\"wp-block-getwid-section__inner-content\">\n<div class=\"has-2-columns wp-block-columns is-layout-flex wp-container-core-columns-is-layout-9d6595d7 wp-block-columns-is-layout-flex\">\n<div class=\"wp-block-column is-layout-flow wp-block-column-is-layout-flow\">\n<figure class=\"wp-block-image size-large\"><img loading=\"lazy\" decoding=\"async\" width=\"1024\" height=\"1024\" src=\"https:\/\/haciendaprimavera.com\/wp-content\/uploads\/2025\/02\/HaciendaPrimavera-1024x1024.jpg\" alt=\"\" class=\"wp-image-1047\" srcset=\"https:\/\/haciendaprimavera.com\/wp-content\/uploads\/2025\/02\/HaciendaPrimavera-1024x1024.jpg 1024w, https:\/\/haciendaprimavera.com\/wp-content\/uploads\/2025\/02\/HaciendaPrimavera-300x300.jpg 300w, https:\/\/haciendaprimavera.com\/wp-content\/uploads\/2025\/02\/HaciendaPrimavera-100x100.jpg 100w, https:\/\/haciendaprimavera.com\/wp-content\/uploads\/2025\/02\/HaciendaPrimavera-600x600.jpg 600w, https:\/\/haciendaprimavera.com\/wp-content\/uploads\/2025\/02\/HaciendaPrimavera-150x150.jpg 150w, https:\/\/haciendaprimavera.com\/wp-content\/uploads\/2025\/02\/HaciendaPrimavera-768x768.jpg 768w, https:\/\/haciendaprimavera.com\/wp-content\/uploads\/2025\/02\/HaciendaPrimavera-1536x1536.jpg 1536w, https:\/\/haciendaprimavera.com\/wp-content\/uploads\/2025\/02\/HaciendaPrimavera-1170x1170.jpg 1170w, https:\/\/haciendaprimavera.com\/wp-content\/uploads\/2025\/02\/HaciendaPrimavera-992x992.jpg 992w, https:\/\/haciendaprimavera.com\/wp-content\/uploads\/2025\/02\/HaciendaPrimavera.jpg 1600w\" sizes=\"auto, (max-width: 1024px) 100vw, 1024px\" \/><figcaption class=\"wp-element-caption\">Piscina en el piso principal de Hacienda Primavera<\/figcaption><\/figure>\n<\/div>\n\n\n\n<div class=\"wp-block-column is-layout-flow wp-block-column-is-layout-flow\">\n<figure class=\"wp-block-image size-large\"><img loading=\"lazy\" decoding=\"async\" width=\"1024\" height=\"1024\" src=\"https:\/\/haciendaprimavera.com\/wp-content\/uploads\/2025\/02\/Hamaca_1-1024x1024.jpg\" alt=\"Hamaca Hacienda Primavera\" class=\"wp-image-1052\" srcset=\"https:\/\/haciendaprimavera.com\/wp-content\/uploads\/2025\/02\/Hamaca_1-1024x1024.jpg 1024w, https:\/\/haciendaprimavera.com\/wp-content\/uploads\/2025\/02\/Hamaca_1-300x300.jpg 300w, https:\/\/haciendaprimavera.com\/wp-content\/uploads\/2025\/02\/Hamaca_1-100x100.jpg 100w, https:\/\/haciendaprimavera.com\/wp-content\/uploads\/2025\/02\/Hamaca_1-600x600.jpg 600w, https:\/\/haciendaprimavera.com\/wp-content\/uploads\/2025\/02\/Hamaca_1-150x150.jpg 150w, https:\/\/haciendaprimavera.com\/wp-content\/uploads\/2025\/02\/Hamaca_1-768x768.jpg 768w, https:\/\/haciendaprimavera.com\/wp-content\/uploads\/2025\/02\/Hamaca_1-1536x1536.jpg 1536w, https:\/\/haciendaprimavera.com\/wp-content\/uploads\/2025\/02\/Hamaca_1-1170x1170.jpg 1170w, https:\/\/haciendaprimavera.com\/wp-content\/uploads\/2025\/02\/Hamaca_1-992x992.jpg 992w, https:\/\/haciendaprimavera.com\/wp-content\/uploads\/2025\/02\/Hamaca_1.jpg 1600w\" sizes=\"auto, (max-width: 1024px) 100vw, 1024px\" \/><figcaption class=\"wp-element-caption\">Hamaca Hacienda Primavera<\/figcaption><\/figure>\n<\/div>\n<\/div>\n<\/div><\/div><\/div><\/div><\/div>\n\n\n\n<div class=\"alignfull wp-block-getwid-section alignfull getwid-margin-top-none getwid-margin-bottom-none\"><div class=\"wp-block-getwid-section__wrapper getwid-padding-top-none getwid-padding-bottom-none getwid-padding-left-medium getwid-padding-right-medium getwid-padding-mobile-left-small getwid-padding-mobile-right-small\"><div class=\"wp-block-getwid-section__inner-wrapper\"><div class=\"wp-block-getwid-section__background-holder\"><div class=\"wp-block-getwid-section__background\"><\/div><div class=\"wp-block-getwid-section__foreground\"><\/div><\/div><div class=\"wp-block-getwid-section__content\"><div class=\"wp-block-getwid-section__inner-content\">\n<div class=\"has-2-columns wp-block-columns is-layout-flex wp-container-core-columns-is-layout-9d6595d7 wp-block-columns-is-layout-flex\">\n<div class=\"wp-block-column is-layout-flow wp-block-column-is-layout-flow\">\n<div class=\"is-style-style-1 wp-block-getwid-advanced-heading has-custom-font-size\" style=\"font-size:12px;margin-bottom:0px\"><p class=\"wp-block-getwid-advanced-heading__content\" style=\"letter-spacing:0.1em\">DESCUBRE EL ENCANTO DE LA HACIENDA PRIMAVERA<\/p><\/div>\n\n\n\n<div class=\"is-style-default wp-block-getwid-advanced-heading\" style=\"margin-top:10px\"><h2 class=\"wp-block-getwid-advanced-heading__content\">Habitaciones c\u00f3modas y de lujo<\/h2><\/div>\n<\/div>\n\n\n\n<div class=\"wp-block-column is-layout-flow wp-block-column-is-layout-flow\">\n<p class=\"\">Las habitaciones se encuentran en la primera planta y cada una cuenta con una encantadora terraza privada para el disfrute de los hu\u00e9spedes. Desde aqu\u00ed, podr\u00e1 admirar las impresionantes vistas mientras saborea una taza de t\u00e9 o caf\u00e9, acompa\u00f1ada de su libro favorito. El impresionante paisaje, combinado con la tranquilidad del entorno, crea el ambiente perfecto para relajarse y disfrutar plenamente de sus vacaciones.<\/p>\n<\/div>\n<\/div>\n<\/div><\/div><\/div><\/div><\/div>\n\n\n\n<div class=\"alignfull wp-block-getwid-section alignfull getwid-margin-top-none getwid-margin-bottom-none\"><div class=\"wp-block-getwid-section__wrapper getwid-padding-top-normal getwid-padding-bottom-normal getwid-padding-left-medium getwid-padding-right-medium getwid-padding-mobile-left-small getwid-padding-mobile-right-small\"><div class=\"wp-block-getwid-section__inner-wrapper\"><div class=\"wp-block-getwid-section__background-holder\"><div class=\"wp-block-getwid-section__background\"><\/div><div class=\"wp-block-getwid-section__foreground\"><\/div><\/div><div class=\"wp-block-getwid-section__content\"><div class=\"wp-block-getwid-section__inner-content\">\n<div class=\"has-2-columns wp-block-columns is-layout-flex wp-container-core-columns-is-layout-9d6595d7 wp-block-columns-is-layout-flex\">\n<div class=\"wp-block-column is-layout-flow wp-block-column-is-layout-flow\">\n<div class=\"wp-block-getwid-images-stack is-layout-zeta\"><div class=\"wp-block-getwid-images-stack__wrapper\"><div class=\"wp-block-getwid-images-stack__chunk\"><div class=\"wp-block-getwid-images-stack__media-wrapper\"><div class=\"wp-block-getwid-images-stack__media-inner-wrapper\"><img loading=\"lazy\" decoding=\"async\" width=\"1600\" height=\"2370\" class=\"wp-block-getwid-images-stack__media wp-image-1051\" src=\"https:\/\/haciendaprimavera.com\/wp-content\/uploads\/2025\/02\/CuartoDoble.jpg\" alt=\"Cuarto Doble\" data-id=\"1051\" data-link=\"https:\/\/haciendaprimavera.com\/about-haciendaprimavera\/cuartodoble\/\" srcset=\"https:\/\/haciendaprimavera.com\/wp-content\/uploads\/2025\/02\/CuartoDoble.jpg 1600w, https:\/\/haciendaprimavera.com\/wp-content\/uploads\/2025\/02\/CuartoDoble-600x889.jpg 600w, https:\/\/haciendaprimavera.com\/wp-content\/uploads\/2025\/02\/CuartoDoble-203x300.jpg 203w, https:\/\/haciendaprimavera.com\/wp-content\/uploads\/2025\/02\/CuartoDoble-691x1024.jpg 691w, https:\/\/haciendaprimavera.com\/wp-content\/uploads\/2025\/02\/CuartoDoble-768x1138.jpg 768w, https:\/\/haciendaprimavera.com\/wp-content\/uploads\/2025\/02\/CuartoDoble-1037x1536.jpg 1037w, https:\/\/haciendaprimavera.com\/wp-content\/uploads\/2025\/02\/CuartoDoble-1383x2048.jpg 1383w, https:\/\/haciendaprimavera.com\/wp-content\/uploads\/2025\/02\/CuartoDoble-1170x1733.jpg 1170w\" sizes=\"auto, (max-width: 1600px) 100vw, 1600px\" \/><\/div><\/div><\/div><\/div><\/div>\n<\/div>\n\n\n\n<div class=\"wp-block-column is-layout-flow wp-block-column-is-layout-flow\">\n<div class=\"wp-block-getwid-images-stack\"><div class=\"wp-block-getwid-images-stack__wrapper\"><div class=\"wp-block-getwid-images-stack__chunk\"><div class=\"wp-block-getwid-images-stack__media-wrapper\"><div class=\"wp-block-getwid-images-stack__media-inner-wrapper\"><img loading=\"lazy\" decoding=\"async\" width=\"1600\" height=\"2370\" class=\"wp-block-getwid-images-stack__media wp-image-486\" src=\"https:\/\/haciendaprimavera.com\/wp-content\/uploads\/2019\/07\/about-rooms-5.jpg\" data-id=\"486\" data-link=\"https:\/\/haciendaprimavera.com\/about-rooms-5\/\" srcset=\"https:\/\/haciendaprimavera.com\/wp-content\/uploads\/2019\/07\/about-rooms-5.jpg 1600w, https:\/\/haciendaprimavera.com\/wp-content\/uploads\/2019\/07\/about-rooms-5-600x889.jpg 600w, https:\/\/haciendaprimavera.com\/wp-content\/uploads\/2019\/07\/about-rooms-5-203x300.jpg 203w, https:\/\/haciendaprimavera.com\/wp-content\/uploads\/2019\/07\/about-rooms-5-691x1024.jpg 691w, https:\/\/haciendaprimavera.com\/wp-content\/uploads\/2019\/07\/about-rooms-5-768x1138.jpg 768w, https:\/\/haciendaprimavera.com\/wp-content\/uploads\/2019\/07\/about-rooms-5-1037x1536.jpg 1037w, https:\/\/haciendaprimavera.com\/wp-content\/uploads\/2019\/07\/about-rooms-5-1383x2048.jpg 1383w, https:\/\/haciendaprimavera.com\/wp-content\/uploads\/2019\/07\/about-rooms-5-1170x1733.jpg 1170w\" sizes=\"auto, (max-width: 1600px) 100vw, 1600px\" \/><\/div><\/div><\/div><\/div><\/div>\n<\/div>\n<\/div>\n<\/div><\/div><\/div><\/div><\/div>\n\n\n\n<div class=\"alignfull wp-block-getwid-section alignfull getwid-margin-top-none getwid-margin-bottom-none\"><div class=\"wp-block-getwid-section__wrapper getwid-padding-top-none getwid-padding-bottom-none getwid-padding-left-medium getwid-padding-right-medium getwid-padding-mobile-left-small getwid-padding-mobile-right-small\"><div class=\"wp-block-getwid-section__inner-wrapper\"><div class=\"wp-block-getwid-section__background-holder\"><div class=\"wp-block-getwid-section__background\"><\/div><div class=\"wp-block-getwid-section__foreground\"><\/div><\/div><div class=\"wp-block-getwid-section__content\"><div class=\"wp-block-getwid-section__inner-content\">\n<div class=\"has-2-columns wp-block-columns is-layout-flex wp-container-core-columns-is-layout-9d6595d7 wp-block-columns-is-layout-flex\">\n<div class=\"wp-block-column is-layout-flow wp-block-column-is-layout-flow\">\n<div class=\"is-style-style-1 wp-block-getwid-advanced-heading has-custom-font-size\" style=\"font-size:12px;margin-bottom:0px\"><p class=\"wp-block-getwid-advanced-heading__content\" style=\"text-transform:uppercase;letter-spacing:0.1em\">Un rico patrimonio en el coraz\u00f3n de RIO BLANCO<\/p><\/div>\n\n\n\n<div class=\"is-style-default wp-block-getwid-advanced-heading\" style=\"margin-top:10px\"><h2 class=\"wp-block-getwid-advanced-heading__content\">Historia de Hacienda Primavera<\/h2><\/div>\n\n\n\n<div class=\"wp-block-getwid-section\"><div class=\"wp-block-getwid-section__wrapper\"><div class=\"wp-block-getwid-section__inner-wrapper\"><div class=\"wp-block-getwid-section__background-holder\"><div class=\"wp-block-getwid-section__background\"><\/div><div class=\"wp-block-getwid-section__foreground\"><\/div><\/div><div class=\"wp-block-getwid-section__content\"><div class=\"wp-block-getwid-section__inner-content\">\n<p class=\"has-grey-color has-text-color\"><em>La historia de Hacienda Primavera comienza hace unos 90 a\u00f1os cuando un esposo y una esposa compraron la Hacienda<\/em>&#8230;<\/p>\n\n\n\n<p class=\"\"><a href=\"#\">Continuar leyendo <\/a><\/p>\n<\/div><\/div><\/div><\/div><\/div>\n<\/div>\n\n\n\n<div class=\"wp-block-column is-layout-flow wp-block-column-is-layout-flow\">\n<p class=\"\">Hacienda Primavera es un refugio familiar, gestionado con cari\u00f1o por un matrimonio. Con m\u00e1s de 90 a\u00f1os de historia, nos enorgullece preservar su encanto y patrimonio. Enclavado en los bosques tropicales monta\u00f1osos del noroeste de Ecuador, el ecolodge se encuentra dentro de la impresionante Reserva Nacional del Choc\u00f3, al noroeste de Quito. El clima se mantiene agradablemente estable durante todo el a\u00f1o, con temperaturas diarias que oscilan entre los 18 \u00b0C (68 \u00b0F) y los 24 \u00b0C (80 \u00b0F), lo que garantiza una experiencia siempre confortable para nuestros hu\u00e9spedes.<\/p>\n\n\n\n<p class=\"\">El rancho es una mezcla de selva primaria y secundaria, y alberga establos con caballos, ganado, llamas, burros, cabras y cerdos. Rodeado de un pr\u00f3spero bosque nuboso tropical, la zona presume de una rica biodiversidad, con abundante flora y fauna, y una notable variedad de aves. Situado a una altitud de 1200 metros (aproximadamente 3500 pies), el exuberante bosque nuboso rebosa vida, con una densa biomasa y una gran variedad de orqu\u00eddeas ep\u00edfitas, bromelias, helechos y musgos. La imponente copa de los \u00e1rboles alcanza alturas de 25 a 30 metros (75 a 90 pies), creando un espect\u00e1culo natural impresionante. <\/p>\n\n\n\n<p class=\"\">Las tribus ind\u00edgenas que viven cerca del ecolodge se conocen hist\u00f3ricamente como los Aguases. Los descubrimientos arqueol\u00f3gicos en la Hacienda y sus alrededores datan de hace m\u00e1s de 400 a\u00f1os y ofrecen una visi\u00f3n del rico pasado de la regi\u00f3n. Los pueblos cercanos albergan a los monta\u00f1eros, un pueblo ind\u00edgena con una distintiva herencia colonial espa\u00f1ola. Conocidos a menudo como los vaqueros modernos, los monta\u00f1eros son expertos en la equitaci\u00f3n, la ganader\u00eda y la agricultura, y contin\u00faan con orgullo la tradici\u00f3n de trabajar la tierra.<\/p>\n<\/div>\n<\/div>\n\n\n\n<div style=\"height:75px\" aria-hidden=\"true\" class=\"wp-block-spacer\"><\/div>\n\n\n\n<hr class=\"is-style-wide wp-block-separator has-css-opacity\"\/>\n<\/div><\/div><\/div><\/div><\/div>\n\n\n\n<p class=\"\"><\/p>","protected":false},"excerpt":{"rendered":"<p>La Hacienda Primavera es la elecci\u00f3n correcta para los visitantes que buscan una combinaci\u00f3n de encanto, paz, tranquilidad y una posici\u00f3n conveniente desde donde explorar los alrededores.<\/p>","protected":false},"author":1,"featured_media":1054,"parent":0,"menu_order":0,"comment_status":"closed","ping_status":"closed","template":"","meta":{"nf_dc_page":"","inline_featured_image":false,"footnotes":""},"class_list":["post-228","page","type-page","status-publish","has-post-thumbnail","hentry"],"yoast_head":"<!-- This site is optimized with the Yoast SEO plugin v27.4 - https:\/\/yoast.com\/product\/yoast-seo-wordpress\/ -->\n<title>About Hacienda Primavera |<\/title>\n<meta name=\"robots\" content=\"index, follow, max-snippet:-1, max-image-preview:large, max-video-preview:-1\" \/>\n<link rel=\"canonical\" href=\"https:\/\/haciendaprimavera.com\/es\/about-haciendaprimavera\/\" \/>\n<meta property=\"og:locale\" content=\"es_ES\" \/>\n<meta property=\"og:type\" content=\"article\" \/>\n<meta property=\"og:title\" content=\"About Hacienda Primavera |\" \/>\n<meta property=\"og:description\" content=\"The Hacienda Primavera is the right choice for visitors who are searching for a combination of charm, peace, quiet and a convenient position from where to explore surroundings.\" \/>\n<meta property=\"og:url\" content=\"https:\/\/haciendaprimavera.com\/es\/about-haciendaprimavera\/\" \/>\n<meta property=\"article:modified_time\" content=\"2025-05-19T16:06:37+00:00\" \/>\n<meta property=\"og:image\" content=\"https:\/\/haciendaprimavera.com\/wp-content\/uploads\/2025\/02\/Landscape.jpg\" \/>\n\t<meta property=\"og:image:width\" content=\"2560\" \/>\n\t<meta property=\"og:image:height\" content=\"1268\" \/>\n\t<meta property=\"og:image:type\" content=\"image\/jpeg\" \/>\n<meta name=\"twitter:card\" content=\"summary_large_image\" \/>\n<meta name=\"twitter:label1\" content=\"Tiempo de lectura\" \/>\n\t<meta name=\"twitter:data1\" content=\"2 minutos\" \/>\n<script type=\"application\/ld+json\" class=\"yoast-schema-graph\">{\"@context\":\"https:\\\/\\\/schema.org\",\"@graph\":[{\"@type\":\"WebPage\",\"@id\":\"https:\\\/\\\/haciendaprimavera.com\\\/about-haciendaprimavera\\\/\",\"url\":\"https:\\\/\\\/haciendaprimavera.com\\\/about-haciendaprimavera\\\/\",\"name\":\"About Hacienda Primavera |\",\"isPartOf\":{\"@id\":\"https:\\\/\\\/haciendaprimavera.com\\\/#website\"},\"primaryImageOfPage\":{\"@id\":\"https:\\\/\\\/haciendaprimavera.com\\\/about-haciendaprimavera\\\/#primaryimage\"},\"image\":{\"@id\":\"https:\\\/\\\/haciendaprimavera.com\\\/about-haciendaprimavera\\\/#primaryimage\"},\"thumbnailUrl\":\"https:\\\/\\\/haciendaprimavera.com\\\/wp-content\\\/uploads\\\/2025\\\/02\\\/Landscape.jpg\",\"datePublished\":\"2019-06-12T07:44:45+00:00\",\"dateModified\":\"2025-05-19T16:06:37+00:00\",\"breadcrumb\":{\"@id\":\"https:\\\/\\\/haciendaprimavera.com\\\/about-haciendaprimavera\\\/#breadcrumb\"},\"inLanguage\":\"es\",\"potentialAction\":[{\"@type\":\"ReadAction\",\"target\":[\"https:\\\/\\\/haciendaprimavera.com\\\/about-haciendaprimavera\\\/\"]}]},{\"@type\":\"ImageObject\",\"inLanguage\":\"es\",\"@id\":\"https:\\\/\\\/haciendaprimavera.com\\\/about-haciendaprimavera\\\/#primaryimage\",\"url\":\"https:\\\/\\\/haciendaprimavera.com\\\/wp-content\\\/uploads\\\/2025\\\/02\\\/Landscape.jpg\",\"contentUrl\":\"https:\\\/\\\/haciendaprimavera.com\\\/wp-content\\\/uploads\\\/2025\\\/02\\\/Landscape.jpg\",\"width\":2560,\"height\":1268},{\"@type\":\"BreadcrumbList\",\"@id\":\"https:\\\/\\\/haciendaprimavera.com\\\/about-haciendaprimavera\\\/#breadcrumb\",\"itemListElement\":[{\"@type\":\"ListItem\",\"position\":1,\"name\":\"Home\",\"item\":\"https:\\\/\\\/haciendaprimavera.com\\\/\"},{\"@type\":\"ListItem\",\"position\":2,\"name\":\"About Hacienda Primavera\"}]},{\"@type\":\"WebSite\",\"@id\":\"https:\\\/\\\/haciendaprimavera.com\\\/#website\",\"url\":\"https:\\\/\\\/haciendaprimavera.com\\\/\",\"name\":\"Hacienda Primavera\",\"description\":\"\",\"publisher\":{\"@id\":\"https:\\\/\\\/haciendaprimavera.com\\\/#organization\"},\"potentialAction\":[{\"@type\":\"SearchAction\",\"target\":{\"@type\":\"EntryPoint\",\"urlTemplate\":\"https:\\\/\\\/haciendaprimavera.com\\\/?s={search_term_string}\"},\"query-input\":{\"@type\":\"PropertyValueSpecification\",\"valueRequired\":true,\"valueName\":\"search_term_string\"}}],\"inLanguage\":\"es\"},{\"@type\":\"Organization\",\"@id\":\"https:\\\/\\\/haciendaprimavera.com\\\/#organization\",\"name\":\"Hacienda Primavera\",\"url\":\"https:\\\/\\\/haciendaprimavera.com\\\/\",\"logo\":{\"@type\":\"ImageObject\",\"inLanguage\":\"es\",\"@id\":\"https:\\\/\\\/haciendaprimavera.com\\\/#\\\/schema\\\/logo\\\/image\\\/\",\"url\":\"https:\\\/\\\/haciendaprimavera.com\\\/wp-content\\\/uploads\\\/2025\\\/02\\\/HACIENDA-PRIMAVERA-Logo.png\",\"contentUrl\":\"https:\\\/\\\/haciendaprimavera.com\\\/wp-content\\\/uploads\\\/2025\\\/02\\\/HACIENDA-PRIMAVERA-Logo.png\",\"width\":100,\"height\":100,\"caption\":\"Hacienda Primavera\"},\"image\":{\"@id\":\"https:\\\/\\\/haciendaprimavera.com\\\/#\\\/schema\\\/logo\\\/image\\\/\"}}]}<\/script>\n<!-- \/ Yoast SEO plugin. -->","yoast_head_json":{"title":"About Hacienda Primavera |","robots":{"index":"index","follow":"follow","max-snippet":"max-snippet:-1","max-image-preview":"max-image-preview:large","max-video-preview":"max-video-preview:-1"},"canonical":"https:\/\/haciendaprimavera.com\/es\/about-haciendaprimavera\/","og_locale":"es_ES","og_type":"article","og_title":"About Hacienda Primavera |","og_description":"The Hacienda Primavera is the right choice for visitors who are searching for a combination of charm, peace, quiet and a convenient position from where to explore surroundings.","og_url":"https:\/\/haciendaprimavera.com\/es\/about-haciendaprimavera\/","article_modified_time":"2025-05-19T16:06:37+00:00","og_image":[{"width":2560,"height":1268,"url":"https:\/\/haciendaprimavera.com\/wp-content\/uploads\/2025\/02\/Landscape.jpg","type":"image\/jpeg"}],"twitter_card":"summary_large_image","twitter_misc":{"Tiempo de lectura":"2 minutos"},"schema":{"@context":"https:\/\/schema.org","@graph":[{"@type":"WebPage","@id":"https:\/\/haciendaprimavera.com\/about-haciendaprimavera\/","url":"https:\/\/haciendaprimavera.com\/about-haciendaprimavera\/","name":"About Hacienda Primavera |","isPartOf":{"@id":"https:\/\/haciendaprimavera.com\/#website"},"primaryImageOfPage":{"@id":"https:\/\/haciendaprimavera.com\/about-haciendaprimavera\/#primaryimage"},"image":{"@id":"https:\/\/haciendaprimavera.com\/about-haciendaprimavera\/#primaryimage"},"thumbnailUrl":"https:\/\/haciendaprimavera.com\/wp-content\/uploads\/2025\/02\/Landscape.jpg","datePublished":"2019-06-12T07:44:45+00:00","dateModified":"2025-05-19T16:06:37+00:00","breadcrumb":{"@id":"https:\/\/haciendaprimavera.com\/about-haciendaprimavera\/#breadcrumb"},"inLanguage":"es","potentialAction":[{"@type":"ReadAction","target":["https:\/\/haciendaprimavera.com\/about-haciendaprimavera\/"]}]},{"@type":"ImageObject","inLanguage":"es","@id":"https:\/\/haciendaprimavera.com\/about-haciendaprimavera\/#primaryimage","url":"https:\/\/haciendaprimavera.com\/wp-content\/uploads\/2025\/02\/Landscape.jpg","contentUrl":"https:\/\/haciendaprimavera.com\/wp-content\/uploads\/2025\/02\/Landscape.jpg","width":2560,"height":1268},{"@type":"BreadcrumbList","@id":"https:\/\/haciendaprimavera.com\/about-haciendaprimavera\/#breadcrumb","itemListElement":[{"@type":"ListItem","position":1,"name":"Home","item":"https:\/\/haciendaprimavera.com\/"},{"@type":"ListItem","position":2,"name":"About Hacienda Primavera"}]},{"@type":"WebSite","@id":"https:\/\/haciendaprimavera.com\/#website","url":"https:\/\/haciendaprimavera.com\/","name":"Hacienda Primavera","description":"","publisher":{"@id":"https:\/\/haciendaprimavera.com\/#organization"},"potentialAction":[{"@type":"SearchAction","target":{"@type":"EntryPoint","urlTemplate":"https:\/\/haciendaprimavera.com\/?s={search_term_string}"},"query-input":{"@type":"PropertyValueSpecification","valueRequired":true,"valueName":"search_term_string"}}],"inLanguage":"es"},{"@type":"Organization","@id":"https:\/\/haciendaprimavera.com\/#organization","name":"Hacienda Primavera","url":"https:\/\/haciendaprimavera.com\/","logo":{"@type":"ImageObject","inLanguage":"es","@id":"https:\/\/haciendaprimavera.com\/#\/schema\/logo\/image\/","url":"https:\/\/haciendaprimavera.com\/wp-content\/uploads\/2025\/02\/HACIENDA-PRIMAVERA-Logo.png","contentUrl":"https:\/\/haciendaprimavera.com\/wp-content\/uploads\/2025\/02\/HACIENDA-PRIMAVERA-Logo.png","width":100,"height":100,"caption":"Hacienda Primavera"},"image":{"@id":"https:\/\/haciendaprimavera.com\/#\/schema\/logo\/image\/"}}]}},"_links":{"self":[{"href":"https:\/\/haciendaprimavera.com\/es\/wp-json\/wp\/v2\/pages\/228","targetHints":{"allow":["GET"]}}],"collection":[{"href":"https:\/\/haciendaprimavera.com\/es\/wp-json\/wp\/v2\/pages"}],"about":[{"href":"https:\/\/haciendaprimavera.com\/es\/wp-json\/wp\/v2\/types\/page"}],"author":[{"embeddable":true,"href":"https:\/\/haciendaprimavera.com\/es\/wp-json\/wp\/v2\/users\/1"}],"replies":[{"embeddable":true,"href":"https:\/\/haciendaprimavera.com\/es\/wp-json\/wp\/v2\/comments?post=228"}],"version-history":[{"count":8,"href":"https:\/\/haciendaprimavera.com\/es\/wp-json\/wp\/v2\/pages\/228\/revisions"}],"predecessor-version":[{"id":1252,"href":"https:\/\/haciendaprimavera.com\/es\/wp-json\/wp\/v2\/pages\/228\/revisions\/1252"}],"wp:featuredmedia":[{"embeddable":true,"href":"https:\/\/haciendaprimavera.com\/es\/wp-json\/wp\/v2\/media\/1054"}],"wp:attachment":[{"href":"https:\/\/haciendaprimavera.com\/es\/wp-json\/wp\/v2\/media?parent=228"}],"curies":[{"name":"wp","href":"https:\/\/api.w.org\/{rel}","templated":true}]}}