{"id":203,"date":"2019-06-11T14:22:58","date_gmt":"2019-06-11T14:22:58","guid":{"rendered":"https:\/\/themes.getmotopress.com\/luviana\/?page_id=203"},"modified":"2019-06-11T14:22:58","modified_gmt":"2019-06-11T14:22:58","slug":"rooms-suites","status":"publish","type":"page","link":"https:\/\/haciendaprimavera.com\/es\/rooms-suites\/","title":{"rendered":"Habitaciones &amp; Suites"},"content":{"rendered":"<div class=\"mphb_sc_rooms-wrapper mphb-room-types alignwide\">\t<div class=\"mphb-room-types-wrapper\">\r\n\t\r\n<div class=\"mphb-room-type post-86 mphb_room_type type-mphb_room_type status-publish has-post-thumbnail mphb_room_type_category-single mphb_room_type_facility-free-wi-fi mphb_room_type_facility-hairdrier mphb_room_type_facility-hot-shower mphb_room_type_facility-in-room-safe mphb_room_type_facility-laundry mphb_room_type_facility-private-balcony mphb-room-type-adults-2 mphb-room-type-children-0\">\r\n\r\n                <div class=\"room-images-wrapper\">\r\n            \n\n\t<div class=\"mphb-room-type-images\">\n\t<div id='mphb-flexslider-gallery-1' class='gallery-columns-1 gallery-size-luviana-square mphb-gallery-main-slider mphb-flexslider-gallery-wrapper mphb-room-type-gallery-wrapper mphb-gallery-main-slider-69e7a4ce695a9' data-flexslider-atts='{\"animation\":\"slide\",\"controlNav\":false,\"animationLoop\":true,\"smoothHeight\":true,\"slideshow\":false}' data-group='69e7a4ce695a9'><ul class=\"slides\"><li class='gallery-item'><span class='gallery-icon landscape'>\n\t\t\t\t<a href=\"https:\/\/haciendaprimavera.com\/es\/accommodation\/standard-single-room\/\"><img loading=\"lazy\" decoding=\"async\" width=\"992\" height=\"992\" src=\"https:\/\/haciendaprimavera.com\/wp-content\/uploads\/2019\/06\/room-single-992x992.jpg\" class=\"attachment-luviana-square size-luviana-square\" alt=\"\" srcset=\"https:\/\/haciendaprimavera.com\/wp-content\/uploads\/2019\/06\/room-single-992x992.jpg 992w, https:\/\/haciendaprimavera.com\/wp-content\/uploads\/2019\/06\/room-single-300x300.jpg 300w, https:\/\/haciendaprimavera.com\/wp-content\/uploads\/2019\/06\/room-single-100x100.jpg 100w, https:\/\/haciendaprimavera.com\/wp-content\/uploads\/2019\/06\/room-single-150x150.jpg 150w\" sizes=\"auto, (max-width: 992px) 100vw, 992px\" \/><\/a>\n\t\t\t<\/span><\/li><\/ul>\n\t\t<\/div>\n\n\t<\/div>\n\t        <\/div>\r\n                <div class=\"room-description-wrapper\">\r\n            <div class=\"room-description-inner-wrapper\">\r\n                                    <div class=\"room-details\">\r\n                        \n<h2 class=\"mphb-room-type-title entry-title\">\n\n<a class=\"mphb-room-type-title\" href=\"https:\/\/haciendaprimavera.com\/es\/accommodation\/standard-single-room\/\">Queen Suite<\/a>\n\n<\/h2>\n\n<p>Las Queen Suite est\u00e1n elegantemente dise\u00f1adas con una decoraci\u00f3n colonial espa\u00f1ola.<\/p>\n\n\n<h3 class=\"mphb-room-type-details-title\">Details<\/h3><ul class=\"mphb-loop-room-type-attributes\">\n\n\n\t<li class=\"mphb-room-type-adults-capacity\"><span class=\"mphb-attribute-title mphb-adults-title\">Adults:<\/span><span class=\"mphb-attribute-value\">\n\t2\n\t<\/span><\/li>\n\t\n\n\n\n\t<li class=\"mphb-room-type-view\"><span class=\"mphb-attribute-title mphb-view-title\">View:<\/span><span class=\"mphb-attribute-value\">\n\tImpresionantes paisajes de monta\u00f1a\n\t<\/span><\/li>\n\t\n\n\n\t<li class=\"mphb-room-type-size\"><span class=\"mphb-attribute-title mphb-size-title\">Size:<\/span><span class=\"mphb-attribute-value\">\n\t20m\u00b2\n\t<\/span><\/li>\n\t\n\n\t<li class=\"mphb-room-type-bed-type\"><span  class=\"mphb-attribute-title mphb-bed-type-title\">Bed Type:<\/span><span class=\"mphb-attribute-value\">\n\tCama King\n\t<\/span><\/li>\n\t\n\n\t<li class=\"mphb-room-type-categories\"><span class=\"mphb-attribute-title mphb-categories-title\">Categories:<\/span><span class=\"mphb-attribute-value\"> <span class=\"category-single\"><a href=\"https:\/\/haciendaprimavera.com\/es\/accommodation-category\/single\/\">single<\/a><\/span><\/span><\/li>\n\t\n\n\t<li class=\"mphb-room-type-facilities\"><span class=\"mphb-attribute-title mphb-facilities-title\">Amenities:<\/span><span class=\"mphb-attribute-value\"> <span class=\"facility-free-wi-fi\"><a href=\"https:\/\/haciendaprimavera.com\/es\/accommodation-facility\/free-wi-fi\/\">free wi-fi<\/a><\/span>, <span class=\"facility-hairdrier\"><a href=\"https:\/\/haciendaprimavera.com\/es\/accommodation-facility\/hairdrier\/\">secador de pelo<\/a><\/span>, <span class=\"facility-hot-shower\"><a href=\"https:\/\/haciendaprimavera.com\/es\/accommodation-facility\/hot-shower\/\">ducha caliente<\/a><\/span>, <span class=\"facility-in-room-safe\"><a href=\"https:\/\/haciendaprimavera.com\/es\/accommodation-facility\/in-room-safe\/\">caja fuerte<\/a><\/span>, <span class=\"facility-laundry\"><a href=\"https:\/\/haciendaprimavera.com\/es\/accommodation-facility\/laundry\/\">lavander\u00eda<\/a><\/span>, <span class=\"facility-private-balcony\"><a href=\"https:\/\/haciendaprimavera.com\/es\/accommodation-facility\/private-balcony\/\">balc\u00f3n privado<\/a><\/span><\/span><\/li>\n\t\n<\/ul>                    <\/div>\r\n                                    <div class=\"room-booking-details\">\r\n                        \n\n\t<p class=\"mphb-regular-price\"><strong>Prices start at:<\/strong>\n\t<span class=\"mphb-price\"><span class=\"mphb-currency\">&#36;<\/span>256<\/span> <span class=\"mphb-price-period\" title=\"Choose dates to see relevant prices\">per night<\/span>\n\t<\/p>\n\t\n<div class=\"mphb-to-book-btn-wrapper\">\n<form action=\"https:\/\/haciendaprimavera.com\/es\/accommodation\/standard-single-room\/#booking-form-86\" method=\"get\" data-trp-original-action=\"https:\/\/haciendaprimavera.com\/es\/accommodation\/standard-single-room\/#booking-form-86\" ><button type=\"submit\" class=\"button mphb-book-button\" >Book<\/button><input type=\"hidden\" name=\"trp-form-language\" value=\"es\"\/><\/form>\n<br\/><\/div>\n<p class=\"mphb-view-details-button-wrapper\">\n<a class=\"button mphb-view-details-button\" href=\"https:\/\/haciendaprimavera.com\/es\/accommodation\/standard-single-room\/\" >View Details<\/a>\n<\/p>                    <\/div>\r\n                            <\/div>\r\n        <\/div>\r\n    \r\n    \r\n<\/div>\r\n\r\n\r\n<div class=\"mphb-room-type post-111 mphb_room_type type-mphb_room_type status-publish has-post-thumbnail mphb_room_type_category-double mphb_room_type_facility-free-wi-fi mphb_room_type_facility-hairdrier mphb_room_type_facility-hot-shower mphb_room_type_facility-in-room-safe mphb_room_type_facility-laundry mphb_room_type_facility-private-balcony mphb-room-type-adults-2 mphb-room-type-children-0\">\r\n\r\n                <div class=\"room-images-wrapper\">\r\n            \n\n\t<div class=\"mphb-room-type-images\">\n\t<div id='mphb-flexslider-gallery-2' class='gallery-columns-1 gallery-size-luviana-square mphb-gallery-main-slider mphb-flexslider-gallery-wrapper mphb-room-type-gallery-wrapper mphb-gallery-main-slider-69e7a4ce76a75' data-flexslider-atts='{\"animation\":\"slide\",\"controlNav\":false,\"animationLoop\":true,\"smoothHeight\":true,\"slideshow\":false}' data-group='69e7a4ce76a75'><ul class=\"slides\"><li class='gallery-item'><span class='gallery-icon landscape'>\n\t\t\t\t<a href=\"https:\/\/haciendaprimavera.com\/es\/accommodation\/classic-double-room\/\"><img loading=\"lazy\" decoding=\"async\" width=\"992\" height=\"992\" src=\"https:\/\/haciendaprimavera.com\/wp-content\/uploads\/2019\/06\/room-doublestandard-992x992.jpg\" class=\"attachment-luviana-square size-luviana-square\" alt=\"\" srcset=\"https:\/\/haciendaprimavera.com\/wp-content\/uploads\/2019\/06\/room-doublestandard-992x992.jpg 992w, https:\/\/haciendaprimavera.com\/wp-content\/uploads\/2019\/06\/room-doublestandard-300x300.jpg 300w, https:\/\/haciendaprimavera.com\/wp-content\/uploads\/2019\/06\/room-doublestandard-100x100.jpg 100w, https:\/\/haciendaprimavera.com\/wp-content\/uploads\/2019\/06\/room-doublestandard-150x150.jpg 150w\" sizes=\"auto, (max-width: 992px) 100vw, 992px\" \/><\/a>\n\t\t\t<\/span><\/li><\/ul>\n\t\t<\/div>\n\n\t<\/div>\n\t        <\/div>\r\n                <div class=\"room-description-wrapper\">\r\n            <div class=\"room-description-inner-wrapper\">\r\n                                    <div class=\"room-details\">\r\n                        \n<h2 class=\"mphb-room-type-title entry-title\">\n\n<a class=\"mphb-room-type-title\" href=\"https:\/\/haciendaprimavera.com\/es\/accommodation\/classic-double-room\/\">Superior Double Room<\/a>\n\n<\/h2>\n\n<p>Cuentan con muchas comodidades en la habitaci\u00f3n y est\u00e1n dise\u00f1adas con una decoraci\u00f3n colonial espa\u00f1ola. <\/p>\n\n\n<h3 class=\"mphb-room-type-details-title\">Details<\/h3><ul class=\"mphb-loop-room-type-attributes\">\n\n\n\t<li class=\"mphb-room-type-adults-capacity\"><span class=\"mphb-attribute-title mphb-adults-title\">Adults:<\/span><span class=\"mphb-attribute-value\">\n\t2\n\t<\/span><\/li>\n\t\n\n\n\n\t<li class=\"mphb-room-type-view\"><span class=\"mphb-attribute-title mphb-view-title\">View:<\/span><span class=\"mphb-attribute-value\">\n\tImpresionantes paisajes de monta\u00f1a\n\t<\/span><\/li>\n\t\n\n\n\t<li class=\"mphb-room-type-size\"><span class=\"mphb-attribute-title mphb-size-title\">Size:<\/span><span class=\"mphb-attribute-value\">\n\t25m\u00b2\n\t<\/span><\/li>\n\t\n\n\t<li class=\"mphb-room-type-bed-type\"><span  class=\"mphb-attribute-title mphb-bed-type-title\">Bed Type:<\/span><span class=\"mphb-attribute-value\">\n\tCama Queen o Doble cama Full\n\t<\/span><\/li>\n\t\n\n\t<li class=\"mphb-room-type-categories\"><span class=\"mphb-attribute-title mphb-categories-title\">Categories:<\/span><span class=\"mphb-attribute-value\"> <span class=\"category-double\"><a href=\"https:\/\/haciendaprimavera.com\/es\/accommodation-category\/double\/\">double<\/a><\/span><\/span><\/li>\n\t\n\n\t<li class=\"mphb-room-type-facilities\"><span class=\"mphb-attribute-title mphb-facilities-title\">Amenities:<\/span><span class=\"mphb-attribute-value\"> <span class=\"facility-free-wi-fi\"><a href=\"https:\/\/haciendaprimavera.com\/es\/accommodation-facility\/free-wi-fi\/\">free wi-fi<\/a><\/span>, <span class=\"facility-hairdrier\"><a href=\"https:\/\/haciendaprimavera.com\/es\/accommodation-facility\/hairdrier\/\">secador de pelo<\/a><\/span>, <span class=\"facility-hot-shower\"><a href=\"https:\/\/haciendaprimavera.com\/es\/accommodation-facility\/hot-shower\/\">ducha caliente<\/a><\/span>, <span class=\"facility-in-room-safe\"><a href=\"https:\/\/haciendaprimavera.com\/es\/accommodation-facility\/in-room-safe\/\">caja fuerte<\/a><\/span>, <span class=\"facility-laundry\"><a href=\"https:\/\/haciendaprimavera.com\/es\/accommodation-facility\/laundry\/\">lavander\u00eda<\/a><\/span>, <span class=\"facility-private-balcony\"><a href=\"https:\/\/haciendaprimavera.com\/es\/accommodation-facility\/private-balcony\/\">balc\u00f3n privado<\/a><\/span><\/span><\/li>\n\t\n<\/ul>                    <\/div>\r\n                                    <div class=\"room-booking-details\">\r\n                        \n\n\t<p class=\"mphb-regular-price\"><strong>Prices start at:<\/strong>\n\t<span class=\"mphb-price\"><span class=\"mphb-currency\">&#36;<\/span>256<\/span> <span class=\"mphb-price-period\" title=\"Choose dates to see relevant prices\">per night<\/span>\n\t<\/p>\n\t\n<div class=\"mphb-to-book-btn-wrapper\">\n<form action=\"https:\/\/haciendaprimavera.com\/es\/accommodation\/classic-double-room\/#booking-form-111\" method=\"get\" data-trp-original-action=\"https:\/\/haciendaprimavera.com\/es\/accommodation\/classic-double-room\/#booking-form-111\" ><button type=\"submit\" class=\"button mphb-book-button\" >Book<\/button><input type=\"hidden\" name=\"trp-form-language\" value=\"es\"\/><\/form>\n<br\/><\/div>\n<p class=\"mphb-view-details-button-wrapper\">\n<a class=\"button mphb-view-details-button\" href=\"https:\/\/haciendaprimavera.com\/es\/accommodation\/classic-double-room\/\" >View Details<\/a>\n<\/p>                    <\/div>\r\n                            <\/div>\r\n        <\/div>\r\n    \r\n    \r\n<\/div>\r\n\r\n\t<\/div>\r\n\t<\/div>","protected":false},"excerpt":{"rendered":"<p>El hotel se distribuye en tres plantas, sin ascensor. En la planta baja, adem\u00e1s de la recepci\u00f3n, hay un c\u00f3modo sal\u00f3n donde podr\u00e1 sentarse a tomar un t\u00e9.<\/p>","protected":false},"author":1,"featured_media":0,"parent":0,"menu_order":0,"comment_status":"closed","ping_status":"closed","template":"","meta":{"nf_dc_page":"","inline_featured_image":false,"footnotes":""},"class_list":["post-203","page","type-page","status-publish","hentry"],"yoast_head":"<!-- This site is optimized with the Yoast SEO plugin v27.4 - https:\/\/yoast.com\/product\/yoast-seo-wordpress\/ -->\n<title>Rooms &amp; Suites |<\/title>\n<meta name=\"robots\" content=\"index, follow, max-snippet:-1, max-image-preview:large, max-video-preview:-1\" \/>\n<link rel=\"canonical\" href=\"https:\/\/haciendaprimavera.com\/es\/rooms-suites\/\" \/>\n<meta property=\"og:locale\" content=\"es_ES\" \/>\n<meta property=\"og:type\" content=\"article\" \/>\n<meta property=\"og:title\" content=\"Rooms &amp; Suites |\" \/>\n<meta property=\"og:description\" content=\"The hotel is arranged on three floors, without a lift. On the ground floor, apart from the reception, there is a comfortable lounge where you can sit and drink tea.\" \/>\n<meta property=\"og:url\" content=\"https:\/\/haciendaprimavera.com\/es\/rooms-suites\/\" \/>\n<meta name=\"twitter:card\" content=\"summary_large_image\" \/>\n<script type=\"application\/ld+json\" class=\"yoast-schema-graph\">{\"@context\":\"https:\\\/\\\/schema.org\",\"@graph\":[{\"@type\":\"WebPage\",\"@id\":\"https:\\\/\\\/haciendaprimavera.com\\\/rooms-suites\\\/\",\"url\":\"https:\\\/\\\/haciendaprimavera.com\\\/rooms-suites\\\/\",\"name\":\"Rooms & Suites |\",\"isPartOf\":{\"@id\":\"https:\\\/\\\/haciendaprimavera.com\\\/#website\"},\"datePublished\":\"2019-06-11T14:22:58+00:00\",\"breadcrumb\":{\"@id\":\"https:\\\/\\\/haciendaprimavera.com\\\/rooms-suites\\\/#breadcrumb\"},\"inLanguage\":\"es\",\"potentialAction\":[{\"@type\":\"ReadAction\",\"target\":[\"https:\\\/\\\/haciendaprimavera.com\\\/rooms-suites\\\/\"]}]},{\"@type\":\"BreadcrumbList\",\"@id\":\"https:\\\/\\\/haciendaprimavera.com\\\/rooms-suites\\\/#breadcrumb\",\"itemListElement\":[{\"@type\":\"ListItem\",\"position\":1,\"name\":\"Home\",\"item\":\"https:\\\/\\\/haciendaprimavera.com\\\/\"},{\"@type\":\"ListItem\",\"position\":2,\"name\":\"Rooms &#038; Suites\"}]},{\"@type\":\"WebSite\",\"@id\":\"https:\\\/\\\/haciendaprimavera.com\\\/#website\",\"url\":\"https:\\\/\\\/haciendaprimavera.com\\\/\",\"name\":\"Hacienda Primavera\",\"description\":\"\",\"publisher\":{\"@id\":\"https:\\\/\\\/haciendaprimavera.com\\\/#organization\"},\"potentialAction\":[{\"@type\":\"SearchAction\",\"target\":{\"@type\":\"EntryPoint\",\"urlTemplate\":\"https:\\\/\\\/haciendaprimavera.com\\\/?s={search_term_string}\"},\"query-input\":{\"@type\":\"PropertyValueSpecification\",\"valueRequired\":true,\"valueName\":\"search_term_string\"}}],\"inLanguage\":\"es\"},{\"@type\":\"Organization\",\"@id\":\"https:\\\/\\\/haciendaprimavera.com\\\/#organization\",\"name\":\"Hacienda Primavera\",\"url\":\"https:\\\/\\\/haciendaprimavera.com\\\/\",\"logo\":{\"@type\":\"ImageObject\",\"inLanguage\":\"es\",\"@id\":\"https:\\\/\\\/haciendaprimavera.com\\\/#\\\/schema\\\/logo\\\/image\\\/\",\"url\":\"https:\\\/\\\/haciendaprimavera.com\\\/wp-content\\\/uploads\\\/2025\\\/02\\\/HACIENDA-PRIMAVERA-Logo.png\",\"contentUrl\":\"https:\\\/\\\/haciendaprimavera.com\\\/wp-content\\\/uploads\\\/2025\\\/02\\\/HACIENDA-PRIMAVERA-Logo.png\",\"width\":100,\"height\":100,\"caption\":\"Hacienda Primavera\"},\"image\":{\"@id\":\"https:\\\/\\\/haciendaprimavera.com\\\/#\\\/schema\\\/logo\\\/image\\\/\"}}]}<\/script>\n<!-- \/ Yoast SEO plugin. -->","yoast_head_json":{"title":"Rooms & Suites |","robots":{"index":"index","follow":"follow","max-snippet":"max-snippet:-1","max-image-preview":"max-image-preview:large","max-video-preview":"max-video-preview:-1"},"canonical":"https:\/\/haciendaprimavera.com\/es\/rooms-suites\/","og_locale":"es_ES","og_type":"article","og_title":"Rooms & Suites |","og_description":"The hotel is arranged on three floors, without a lift. On the ground floor, apart from the reception, there is a comfortable lounge where you can sit and drink tea.","og_url":"https:\/\/haciendaprimavera.com\/es\/rooms-suites\/","twitter_card":"summary_large_image","schema":{"@context":"https:\/\/schema.org","@graph":[{"@type":"WebPage","@id":"https:\/\/haciendaprimavera.com\/rooms-suites\/","url":"https:\/\/haciendaprimavera.com\/rooms-suites\/","name":"Rooms & Suites |","isPartOf":{"@id":"https:\/\/haciendaprimavera.com\/#website"},"datePublished":"2019-06-11T14:22:58+00:00","breadcrumb":{"@id":"https:\/\/haciendaprimavera.com\/rooms-suites\/#breadcrumb"},"inLanguage":"es","potentialAction":[{"@type":"ReadAction","target":["https:\/\/haciendaprimavera.com\/rooms-suites\/"]}]},{"@type":"BreadcrumbList","@id":"https:\/\/haciendaprimavera.com\/rooms-suites\/#breadcrumb","itemListElement":[{"@type":"ListItem","position":1,"name":"Home","item":"https:\/\/haciendaprimavera.com\/"},{"@type":"ListItem","position":2,"name":"Rooms &#038; Suites"}]},{"@type":"WebSite","@id":"https:\/\/haciendaprimavera.com\/#website","url":"https:\/\/haciendaprimavera.com\/","name":"Hacienda Primavera","description":"","publisher":{"@id":"https:\/\/haciendaprimavera.com\/#organization"},"potentialAction":[{"@type":"SearchAction","target":{"@type":"EntryPoint","urlTemplate":"https:\/\/haciendaprimavera.com\/?s={search_term_string}"},"query-input":{"@type":"PropertyValueSpecification","valueRequired":true,"valueName":"search_term_string"}}],"inLanguage":"es"},{"@type":"Organization","@id":"https:\/\/haciendaprimavera.com\/#organization","name":"Hacienda Primavera","url":"https:\/\/haciendaprimavera.com\/","logo":{"@type":"ImageObject","inLanguage":"es","@id":"https:\/\/haciendaprimavera.com\/#\/schema\/logo\/image\/","url":"https:\/\/haciendaprimavera.com\/wp-content\/uploads\/2025\/02\/HACIENDA-PRIMAVERA-Logo.png","contentUrl":"https:\/\/haciendaprimavera.com\/wp-content\/uploads\/2025\/02\/HACIENDA-PRIMAVERA-Logo.png","width":100,"height":100,"caption":"Hacienda Primavera"},"image":{"@id":"https:\/\/haciendaprimavera.com\/#\/schema\/logo\/image\/"}}]}},"_links":{"self":[{"href":"https:\/\/haciendaprimavera.com\/es\/wp-json\/wp\/v2\/pages\/203","targetHints":{"allow":["GET"]}}],"collection":[{"href":"https:\/\/haciendaprimavera.com\/es\/wp-json\/wp\/v2\/pages"}],"about":[{"href":"https:\/\/haciendaprimavera.com\/es\/wp-json\/wp\/v2\/types\/page"}],"author":[{"embeddable":true,"href":"https:\/\/haciendaprimavera.com\/es\/wp-json\/wp\/v2\/users\/1"}],"replies":[{"embeddable":true,"href":"https:\/\/haciendaprimavera.com\/es\/wp-json\/wp\/v2\/comments?post=203"}],"version-history":[{"count":0,"href":"https:\/\/haciendaprimavera.com\/es\/wp-json\/wp\/v2\/pages\/203\/revisions"}],"wp:attachment":[{"href":"https:\/\/haciendaprimavera.com\/es\/wp-json\/wp\/v2\/media?parent=203"}],"curies":[{"name":"wp","href":"https:\/\/api.w.org\/{rel}","templated":true}]}}