{"id":13,"date":"2019-06-11T09:50:44","date_gmt":"2019-06-11T09:50:44","guid":{"rendered":"https:\/\/themes.getmotopress.com\/luviana\/?page_id=13"},"modified":"2025-02-18T01:37:58","modified_gmt":"2025-02-18T01:37:58","slug":"welcome","status":"publish","type":"page","link":"https:\/\/haciendaprimavera.com\/es\/home\/welcome\/","title":{"rendered":"Bienvenido"},"content":{"rendered":"<p class=\"\">Nuestra Hacienda se mantiene como un l\u00edder mundial en hoteler\u00eda, elegante, moderna y vanguardista. Facilitamos sus viajes con un dise\u00f1o inteligente, conceptos gastron\u00f3micos innovadores, experiencias \u00fanicas y una profunda conexi\u00f3n con la naturaleza, todo ello con aut\u00e9ntica hospitalidad.<\/p>\n\n\n\n<!--more-->\n\n\n\n<div class=\"alignfull wp-block-getwid-section alignfull getwid-margin-top-none getwid-margin-bottom-none\"><div class=\"wp-block-getwid-section__wrapper getwid-padding-top-medium getwid-padding-bottom-none getwid-padding-left-medium getwid-padding-right-medium getwid-padding-mobile-left-small getwid-padding-mobile-right-small\"><div class=\"wp-block-getwid-section__inner-wrapper\"><div class=\"wp-block-getwid-section__background-holder\"><div class=\"wp-block-getwid-section__background\"><\/div><div class=\"wp-block-getwid-section__foreground\"><\/div><\/div><div class=\"wp-block-getwid-section__content\"><div class=\"wp-block-getwid-section__inner-content\">\n<div class=\"has-2-columns wp-block-columns is-layout-flex wp-container-core-columns-is-layout-9d6595d7 wp-block-columns-is-layout-flex\">\n<div class=\"wp-block-column is-layout-flow wp-block-column-is-layout-flow\">\n<div class=\"is-style-style-1 wp-block-getwid-advanced-heading has-custom-font-size\" style=\"font-size:12px;margin-bottom:20px\"><p class=\"wp-block-getwid-advanced-heading__content\" style=\"letter-spacing:1px\">ELEVANDO LA COMODIDAD AL M\u00c1XIMO NIVEL<\/p><\/div>\n\n\n\n<div class=\"is-style-default wp-block-getwid-advanced-heading\"><h2 class=\"wp-block-getwid-advanced-heading__content\">Welcome Hacienda Primavera<\/h2><\/div>\n<\/div>\n\n\n\n<div class=\"wp-block-column is-layout-flow wp-block-column-is-layout-flow\">\n<p class=\"\">It is a small comfortable hacienda. Our staff offers an attentive high-quality service and is always ready to offer any help to guests.<\/p>\n\n\n\n<p class=\"\">The Hacienda features a well-equipped stable with over 10 horses, ready for scenic trail rides through lush valleys and winding riverbeds. The area also boasts numerous hiking and mountain biking trails, some leading to breathtaking waterfalls. Expert local guides accompany each journey, highlighting notable plant and animal species along the way.<\/p>\n<\/div>\n<\/div>\n\n\n\n<div style=\"height:50px\" aria-hidden=\"true\" class=\"wp-block-spacer\"><\/div>\n\n\n\n<div class=\"has-2-columns wp-block-columns is-layout-flex wp-container-core-columns-is-layout-9d6595d7 wp-block-columns-is-layout-flex\">\n<div class=\"wp-block-column is-layout-flow wp-block-column-is-layout-flow\">\n<figure class=\"wp-block-image size-large\"><img loading=\"lazy\" decoding=\"async\" width=\"902\" height=\"1024\" src=\"https:\/\/haciendaprimavera.com\/wp-content\/uploads\/2025\/02\/Pool_Jacuzzi-902x1024.jpg\" alt=\"\" class=\"wp-image-1062\" srcset=\"https:\/\/haciendaprimavera.com\/wp-content\/uploads\/2025\/02\/Pool_Jacuzzi-902x1024.jpg 902w, https:\/\/haciendaprimavera.com\/wp-content\/uploads\/2025\/02\/Pool_Jacuzzi-600x681.jpg 600w, https:\/\/haciendaprimavera.com\/wp-content\/uploads\/2025\/02\/Pool_Jacuzzi-264x300.jpg 264w, https:\/\/haciendaprimavera.com\/wp-content\/uploads\/2025\/02\/Pool_Jacuzzi-768x872.jpg 768w, https:\/\/haciendaprimavera.com\/wp-content\/uploads\/2025\/02\/Pool_Jacuzzi-1353x1536.jpg 1353w, https:\/\/haciendaprimavera.com\/wp-content\/uploads\/2025\/02\/Pool_Jacuzzi-1170x1329.jpg 1170w, https:\/\/haciendaprimavera.com\/wp-content\/uploads\/2025\/02\/Pool_Jacuzzi.jpg 1600w\" sizes=\"auto, (max-width: 902px) 100vw, 902px\" \/><\/figure>\n<\/div>\n\n\n\n<div class=\"wp-block-column is-layout-flow wp-block-column-is-layout-flow\">\n<figure class=\"wp-block-image size-large\"><img loading=\"lazy\" decoding=\"async\" width=\"1024\" height=\"1024\" src=\"https:\/\/haciendaprimavera.com\/wp-content\/uploads\/2025\/02\/Horses_Hacienda-1024x1024.jpg\" alt=\"\" class=\"wp-image-1067\" srcset=\"https:\/\/haciendaprimavera.com\/wp-content\/uploads\/2025\/02\/Horses_Hacienda-1024x1024.jpg 1024w, https:\/\/haciendaprimavera.com\/wp-content\/uploads\/2025\/02\/Horses_Hacienda-300x300.jpg 300w, https:\/\/haciendaprimavera.com\/wp-content\/uploads\/2025\/02\/Horses_Hacienda-100x100.jpg 100w, https:\/\/haciendaprimavera.com\/wp-content\/uploads\/2025\/02\/Horses_Hacienda-600x600.jpg 600w, https:\/\/haciendaprimavera.com\/wp-content\/uploads\/2025\/02\/Horses_Hacienda-150x150.jpg 150w, https:\/\/haciendaprimavera.com\/wp-content\/uploads\/2025\/02\/Horses_Hacienda-768x768.jpg 768w, https:\/\/haciendaprimavera.com\/wp-content\/uploads\/2025\/02\/Horses_Hacienda-1536x1536.jpg 1536w, https:\/\/haciendaprimavera.com\/wp-content\/uploads\/2025\/02\/Horses_Hacienda-1170x1170.jpg 1170w, https:\/\/haciendaprimavera.com\/wp-content\/uploads\/2025\/02\/Horses_Hacienda-992x992.jpg 992w, https:\/\/haciendaprimavera.com\/wp-content\/uploads\/2025\/02\/Horses_Hacienda.jpg 1600w\" sizes=\"auto, (max-width: 1024px) 100vw, 1024px\" \/><\/figure>\n<\/div>\n<\/div>\n<\/div><\/div><\/div><\/div><\/div>\n\n\n\n<p class=\"\"><\/p>","protected":false},"excerpt":{"rendered":"<p>La Hacienda Primavera es la elecci\u00f3n correcta para los visitantes que buscan una combinaci\u00f3n de encanto, paz, tranquilidad y una posici\u00f3n conveniente desde donde explorar los alrededores.<\/p>","protected":false},"author":1,"featured_media":1093,"parent":11,"menu_order":0,"comment_status":"closed","ping_status":"closed","template":"","meta":{"nf_dc_page":"","inline_featured_image":false,"footnotes":""},"class_list":["post-13","page","type-page","status-publish","has-post-thumbnail","hentry"],"yoast_head":"<!-- This site is optimized with the Yoast SEO plugin v27.4 - https:\/\/yoast.com\/product\/yoast-seo-wordpress\/ -->\n<title>Welcome |<\/title>\n<meta name=\"robots\" content=\"index, follow, max-snippet:-1, max-image-preview:large, max-video-preview:-1\" \/>\n<link rel=\"canonical\" href=\"https:\/\/haciendaprimavera.com\/es\/home\/welcome\/\" \/>\n<meta property=\"og:locale\" content=\"es_ES\" \/>\n<meta property=\"og:type\" content=\"article\" \/>\n<meta property=\"og:title\" content=\"Welcome |\" \/>\n<meta property=\"og:description\" content=\"The Hacienda Primavera is the right choice for visitors who are searching for a combination of charm, peace, quiet and a convenient position from where to explore surroundings.\" \/>\n<meta property=\"og:url\" content=\"https:\/\/haciendaprimavera.com\/es\/home\/welcome\/\" \/>\n<meta property=\"article:modified_time\" content=\"2025-02-18T01:37:58+00:00\" \/>\n<meta property=\"og:image\" content=\"https:\/\/haciendaprimavera.com\/wp-content\/uploads\/2025\/02\/H_Slide-9.jpg\" \/>\n\t<meta property=\"og:image:width\" content=\"2560\" \/>\n\t<meta property=\"og:image:height\" content=\"1268\" \/>\n\t<meta property=\"og:image:type\" content=\"image\/jpeg\" \/>\n<meta name=\"twitter:card\" content=\"summary_large_image\" \/>\n<meta name=\"twitter:label1\" content=\"Tiempo de lectura\" \/>\n\t<meta name=\"twitter:data1\" content=\"1 minuto\" \/>\n<script type=\"application\/ld+json\" class=\"yoast-schema-graph\">{\"@context\":\"https:\\\/\\\/schema.org\",\"@graph\":[{\"@type\":\"WebPage\",\"@id\":\"https:\\\/\\\/haciendaprimavera.com\\\/home\\\/welcome\\\/\",\"url\":\"https:\\\/\\\/haciendaprimavera.com\\\/home\\\/welcome\\\/\",\"name\":\"Welcome |\",\"isPartOf\":{\"@id\":\"https:\\\/\\\/haciendaprimavera.com\\\/#website\"},\"primaryImageOfPage\":{\"@id\":\"https:\\\/\\\/haciendaprimavera.com\\\/home\\\/welcome\\\/#primaryimage\"},\"image\":{\"@id\":\"https:\\\/\\\/haciendaprimavera.com\\\/home\\\/welcome\\\/#primaryimage\"},\"thumbnailUrl\":\"https:\\\/\\\/haciendaprimavera.com\\\/wp-content\\\/uploads\\\/2025\\\/02\\\/H_Slide-9.jpg\",\"datePublished\":\"2019-06-11T09:50:44+00:00\",\"dateModified\":\"2025-02-18T01:37:58+00:00\",\"breadcrumb\":{\"@id\":\"https:\\\/\\\/haciendaprimavera.com\\\/home\\\/welcome\\\/#breadcrumb\"},\"inLanguage\":\"es\",\"potentialAction\":[{\"@type\":\"ReadAction\",\"target\":[\"https:\\\/\\\/haciendaprimavera.com\\\/home\\\/welcome\\\/\"]}]},{\"@type\":\"ImageObject\",\"inLanguage\":\"es\",\"@id\":\"https:\\\/\\\/haciendaprimavera.com\\\/home\\\/welcome\\\/#primaryimage\",\"url\":\"https:\\\/\\\/haciendaprimavera.com\\\/wp-content\\\/uploads\\\/2025\\\/02\\\/H_Slide-9.jpg\",\"contentUrl\":\"https:\\\/\\\/haciendaprimavera.com\\\/wp-content\\\/uploads\\\/2025\\\/02\\\/H_Slide-9.jpg\",\"width\":2560,\"height\":1268},{\"@type\":\"BreadcrumbList\",\"@id\":\"https:\\\/\\\/haciendaprimavera.com\\\/home\\\/welcome\\\/#breadcrumb\",\"itemListElement\":[{\"@type\":\"ListItem\",\"position\":1,\"name\":\"Home\",\"item\":\"https:\\\/\\\/haciendaprimavera.com\\\/\"},{\"@type\":\"ListItem\",\"position\":2,\"name\":\"Home\",\"item\":\"https:\\\/\\\/haciendaprimavera.com\\\/\"},{\"@type\":\"ListItem\",\"position\":3,\"name\":\"Welcome\"}]},{\"@type\":\"WebSite\",\"@id\":\"https:\\\/\\\/haciendaprimavera.com\\\/#website\",\"url\":\"https:\\\/\\\/haciendaprimavera.com\\\/\",\"name\":\"Hacienda Primavera\",\"description\":\"\",\"publisher\":{\"@id\":\"https:\\\/\\\/haciendaprimavera.com\\\/#organization\"},\"potentialAction\":[{\"@type\":\"SearchAction\",\"target\":{\"@type\":\"EntryPoint\",\"urlTemplate\":\"https:\\\/\\\/haciendaprimavera.com\\\/?s={search_term_string}\"},\"query-input\":{\"@type\":\"PropertyValueSpecification\",\"valueRequired\":true,\"valueName\":\"search_term_string\"}}],\"inLanguage\":\"es\"},{\"@type\":\"Organization\",\"@id\":\"https:\\\/\\\/haciendaprimavera.com\\\/#organization\",\"name\":\"Hacienda Primavera\",\"url\":\"https:\\\/\\\/haciendaprimavera.com\\\/\",\"logo\":{\"@type\":\"ImageObject\",\"inLanguage\":\"es\",\"@id\":\"https:\\\/\\\/haciendaprimavera.com\\\/#\\\/schema\\\/logo\\\/image\\\/\",\"url\":\"https:\\\/\\\/haciendaprimavera.com\\\/wp-content\\\/uploads\\\/2025\\\/02\\\/HACIENDA-PRIMAVERA-Logo.png\",\"contentUrl\":\"https:\\\/\\\/haciendaprimavera.com\\\/wp-content\\\/uploads\\\/2025\\\/02\\\/HACIENDA-PRIMAVERA-Logo.png\",\"width\":100,\"height\":100,\"caption\":\"Hacienda Primavera\"},\"image\":{\"@id\":\"https:\\\/\\\/haciendaprimavera.com\\\/#\\\/schema\\\/logo\\\/image\\\/\"}}]}<\/script>\n<!-- \/ Yoast SEO plugin. -->","yoast_head_json":{"title":"Welcome |","robots":{"index":"index","follow":"follow","max-snippet":"max-snippet:-1","max-image-preview":"max-image-preview:large","max-video-preview":"max-video-preview:-1"},"canonical":"https:\/\/haciendaprimavera.com\/es\/home\/welcome\/","og_locale":"es_ES","og_type":"article","og_title":"Welcome |","og_description":"The Hacienda Primavera is the right choice for visitors who are searching for a combination of charm, peace, quiet and a convenient position from where to explore surroundings.","og_url":"https:\/\/haciendaprimavera.com\/es\/home\/welcome\/","article_modified_time":"2025-02-18T01:37:58+00:00","og_image":[{"width":2560,"height":1268,"url":"https:\/\/haciendaprimavera.com\/wp-content\/uploads\/2025\/02\/H_Slide-9.jpg","type":"image\/jpeg"}],"twitter_card":"summary_large_image","twitter_misc":{"Tiempo de lectura":"1 minuto"},"schema":{"@context":"https:\/\/schema.org","@graph":[{"@type":"WebPage","@id":"https:\/\/haciendaprimavera.com\/home\/welcome\/","url":"https:\/\/haciendaprimavera.com\/home\/welcome\/","name":"Welcome |","isPartOf":{"@id":"https:\/\/haciendaprimavera.com\/#website"},"primaryImageOfPage":{"@id":"https:\/\/haciendaprimavera.com\/home\/welcome\/#primaryimage"},"image":{"@id":"https:\/\/haciendaprimavera.com\/home\/welcome\/#primaryimage"},"thumbnailUrl":"https:\/\/haciendaprimavera.com\/wp-content\/uploads\/2025\/02\/H_Slide-9.jpg","datePublished":"2019-06-11T09:50:44+00:00","dateModified":"2025-02-18T01:37:58+00:00","breadcrumb":{"@id":"https:\/\/haciendaprimavera.com\/home\/welcome\/#breadcrumb"},"inLanguage":"es","potentialAction":[{"@type":"ReadAction","target":["https:\/\/haciendaprimavera.com\/home\/welcome\/"]}]},{"@type":"ImageObject","inLanguage":"es","@id":"https:\/\/haciendaprimavera.com\/home\/welcome\/#primaryimage","url":"https:\/\/haciendaprimavera.com\/wp-content\/uploads\/2025\/02\/H_Slide-9.jpg","contentUrl":"https:\/\/haciendaprimavera.com\/wp-content\/uploads\/2025\/02\/H_Slide-9.jpg","width":2560,"height":1268},{"@type":"BreadcrumbList","@id":"https:\/\/haciendaprimavera.com\/home\/welcome\/#breadcrumb","itemListElement":[{"@type":"ListItem","position":1,"name":"Home","item":"https:\/\/haciendaprimavera.com\/"},{"@type":"ListItem","position":2,"name":"Home","item":"https:\/\/haciendaprimavera.com\/"},{"@type":"ListItem","position":3,"name":"Welcome"}]},{"@type":"WebSite","@id":"https:\/\/haciendaprimavera.com\/#website","url":"https:\/\/haciendaprimavera.com\/","name":"Hacienda Primavera","description":"","publisher":{"@id":"https:\/\/haciendaprimavera.com\/#organization"},"potentialAction":[{"@type":"SearchAction","target":{"@type":"EntryPoint","urlTemplate":"https:\/\/haciendaprimavera.com\/?s={search_term_string}"},"query-input":{"@type":"PropertyValueSpecification","valueRequired":true,"valueName":"search_term_string"}}],"inLanguage":"es"},{"@type":"Organization","@id":"https:\/\/haciendaprimavera.com\/#organization","name":"Hacienda Primavera","url":"https:\/\/haciendaprimavera.com\/","logo":{"@type":"ImageObject","inLanguage":"es","@id":"https:\/\/haciendaprimavera.com\/#\/schema\/logo\/image\/","url":"https:\/\/haciendaprimavera.com\/wp-content\/uploads\/2025\/02\/HACIENDA-PRIMAVERA-Logo.png","contentUrl":"https:\/\/haciendaprimavera.com\/wp-content\/uploads\/2025\/02\/HACIENDA-PRIMAVERA-Logo.png","width":100,"height":100,"caption":"Hacienda Primavera"},"image":{"@id":"https:\/\/haciendaprimavera.com\/#\/schema\/logo\/image\/"}}]}},"_links":{"self":[{"href":"https:\/\/haciendaprimavera.com\/es\/wp-json\/wp\/v2\/pages\/13","targetHints":{"allow":["GET"]}}],"collection":[{"href":"https:\/\/haciendaprimavera.com\/es\/wp-json\/wp\/v2\/pages"}],"about":[{"href":"https:\/\/haciendaprimavera.com\/es\/wp-json\/wp\/v2\/types\/page"}],"author":[{"embeddable":true,"href":"https:\/\/haciendaprimavera.com\/es\/wp-json\/wp\/v2\/users\/1"}],"replies":[{"embeddable":true,"href":"https:\/\/haciendaprimavera.com\/es\/wp-json\/wp\/v2\/comments?post=13"}],"version-history":[{"count":2,"href":"https:\/\/haciendaprimavera.com\/es\/wp-json\/wp\/v2\/pages\/13\/revisions"}],"predecessor-version":[{"id":1081,"href":"https:\/\/haciendaprimavera.com\/es\/wp-json\/wp\/v2\/pages\/13\/revisions\/1081"}],"up":[{"embeddable":true,"href":"https:\/\/haciendaprimavera.com\/es\/wp-json\/wp\/v2\/pages\/11"}],"wp:featuredmedia":[{"embeddable":true,"href":"https:\/\/haciendaprimavera.com\/es\/wp-json\/wp\/v2\/media\/1093"}],"wp:attachment":[{"href":"https:\/\/haciendaprimavera.com\/es\/wp-json\/wp\/v2\/media?parent=13"}],"curies":[{"name":"wp","href":"https:\/\/api.w.org\/{rel}","templated":true}]}}